{"id":142094,"date":"2025-01-15T12:23:31","date_gmt":"2025-01-15T10:23:31","guid":{"rendered":"https:\/\/kavial.ee\/et\/?post_type=product&#038;p=142094"},"modified":"2025-07-02T03:24:00","modified_gmt":"2025-07-02T00:24:00","slug":"44-1-universal-2-jaw-puller-with-self-centering-jaws","status":"publish","type":"product","link":"https:\/\/kavial.ee\/et\/webshop\/hooldusseadmed\/kukko-hooldusseadmed\/kukko-mehaanilised-tommitsad\/44-1-universal-2-jaw-puller-with-self-centering-jaws\/","title":{"rendered":"44-1 Universal 2-jaw puller with self-centering jaws"},"content":{"rendered":"<p>Iseseaduv 2-haaratsiga t\u00f5mmits; ulatuv laius 0-100mm; ulatuv s\u00fcgavus 100mm; maks. moment 50Nm; maks. venitusj\u00f5ud 30kN; maks. t\u00f5mbej\u00f5ud 3t; keere M12x1,5; kuuskantpesa 13mm<\/p>\n<p>EAN: 4021176016028<\/p>\n","protected":false},"excerpt":{"rendered":"<p>Iseseaduv 2-haaratsiga t\u00f5mmits; ulatuv laius 0-100mm; ulatuv s\u00fcgavus 100mm; maks. moment 50Nm; maks. venitusj\u00f5ud 30kN; maks. t\u00f5mbej\u00f5ud 3t; keere M12x1,5; kuuskantpesa 13mm EAN: 4021176016028<\/p>\n","protected":false},"featured_media":142129,"template":"","meta":[],"product_brand":[],"product_cat":[1040],"product_tag":[],"class_list":{"0":"post-142094","1":"product","2":"type-product","3":"status-publish","4":"has-post-thumbnail","6":"product_cat-kukko-mehaanilised-tommitsad","8":"first","9":"instock","10":"taxable","11":"shipping-taxable","12":"purchasable","13":"product-type-simple"},"_links":{"self":[{"href":"https:\/\/kavial.ee\/et\/wp-json\/wp\/v2\/product\/142094","targetHints":{"allow":["GET"]}}],"collection":[{"href":"https:\/\/kavial.ee\/et\/wp-json\/wp\/v2\/product"}],"about":[{"href":"https:\/\/kavial.ee\/et\/wp-json\/wp\/v2\/types\/product"}],"wp:featuredmedia":[{"embeddable":true,"href":"https:\/\/kavial.ee\/et\/wp-json\/wp\/v2\/media\/142129"}],"wp:attachment":[{"href":"https:\/\/kavial.ee\/et\/wp-json\/wp\/v2\/media?parent=142094"}],"wp:term":[{"taxonomy":"product_brand","embeddable":true,"href":"https:\/\/kavial.ee\/et\/wp-json\/wp\/v2\/product_brand?post=142094"},{"taxonomy":"product_cat","embeddable":true,"href":"https:\/\/kavial.ee\/et\/wp-json\/wp\/v2\/product_cat?post=142094"},{"taxonomy":"product_tag","embeddable":true,"href":"https:\/\/kavial.ee\/et\/wp-json\/wp\/v2\/product_tag?post=142094"}],"curies":[{"name":"wp","href":"https:\/\/api.w.org\/{rel}","templated":true}]}}