{"id":142097,"date":"2025-01-15T12:23:28","date_gmt":"2025-01-15T10:23:28","guid":{"rendered":"https:\/\/kavial.ee\/et\/?post_type=product&#038;p=142097"},"modified":"2025-07-02T03:24:02","modified_gmt":"2025-07-02T00:24:02","slug":"204-0-2-jaw-bearing-puller-cobra-with-separating-claw-and-side-clamp","status":"publish","type":"product","link":"https:\/\/kavial.ee\/et\/webshop\/hooldusseadmed\/kukko-hooldusseadmed\/kukko-mehaanilised-tommitsad\/204-0-2-jaw-bearing-puller-cobra-with-separating-claw-and-side-clamp\/","title":{"rendered":"204-0 2-jaw bearing puller &#8220;Cobra&#8221; with separating claw and side clamp"},"content":{"rendered":"<p>K\u00fclgklambriga 2-haaratsiga t\u00f5mmits; ulatuv laius 12-50mm; ulatuv s\u00fcgavus 70mm; maks. venitusj\u00f5ud 10kN; maks. t\u00f5mbej\u00f5ud 1t<\/p>\n<p>EAN: 4021176028168<\/p>\n","protected":false},"excerpt":{"rendered":"<p>K\u00fclgklambriga 2-haaratsiga t\u00f5mmits; ulatuv laius 12-50mm; ulatuv s\u00fcgavus 70mm; maks. venitusj\u00f5ud 10kN; maks. t\u00f5mbej\u00f5ud 1t EAN: 4021176028168<\/p>\n","protected":false},"featured_media":142126,"template":"","meta":[],"product_brand":[],"product_cat":[1040],"product_tag":[],"class_list":{"0":"post-142097","1":"product","2":"type-product","3":"status-publish","4":"has-post-thumbnail","6":"product_cat-kukko-mehaanilised-tommitsad","8":"first","9":"instock","10":"taxable","11":"shipping-taxable","12":"purchasable","13":"product-type-simple"},"_links":{"self":[{"href":"https:\/\/kavial.ee\/et\/wp-json\/wp\/v2\/product\/142097","targetHints":{"allow":["GET"]}}],"collection":[{"href":"https:\/\/kavial.ee\/et\/wp-json\/wp\/v2\/product"}],"about":[{"href":"https:\/\/kavial.ee\/et\/wp-json\/wp\/v2\/types\/product"}],"wp:featuredmedia":[{"embeddable":true,"href":"https:\/\/kavial.ee\/et\/wp-json\/wp\/v2\/media\/142126"}],"wp:attachment":[{"href":"https:\/\/kavial.ee\/et\/wp-json\/wp\/v2\/media?parent=142097"}],"wp:term":[{"taxonomy":"product_brand","embeddable":true,"href":"https:\/\/kavial.ee\/et\/wp-json\/wp\/v2\/product_brand?post=142097"},{"taxonomy":"product_cat","embeddable":true,"href":"https:\/\/kavial.ee\/et\/wp-json\/wp\/v2\/product_cat?post=142097"},{"taxonomy":"product_tag","embeddable":true,"href":"https:\/\/kavial.ee\/et\/wp-json\/wp\/v2\/product_tag?post=142097"}],"curies":[{"name":"wp","href":"https:\/\/api.w.org\/{rel}","templated":true}]}}