{"id":145222,"date":"2025-03-11T12:55:29","date_gmt":"2025-03-11T10:55:29","guid":{"rendered":"https:\/\/kavial.ee\/et\/?post_type=product&#038;p=145222"},"modified":"2026-02-10T21:46:32","modified_gmt":"2026-02-10T19:46:32","slug":"puurikomplekt-1-10mm-19tk-hss","status":"publish","type":"product","link":"https:\/\/kavial.ee\/et\/webshop\/metallitootlus\/puurid\/silindersabaga-spiraalpuurid\/puurikomplekt-1-10mm-19tk-hss\/","title":{"rendered":"Puurikomplekt 1-10mm.19tk HSS"},"content":{"rendered":"<p>\u00d81,0  1tk;<br \/>\n\u00d81,5  1tk;<br \/>\n\u00d82,0  1tk;<br \/>\n\u00d82,5  1tk;<br \/>\n\u00d83,0  1tk;<br \/>\n\u00d83,5  1tk;<br \/>\n\u00d84,0  1tk;<br \/>\n\u00d84,5  1tk;<br \/>\n\u00d85,0  1tk;<br \/>\n\u00d85,5  1tk;<br \/>\n\u00d86,0  1tk;<br \/>\n\u00d86,5  1tk;<br \/>\n\u00d87,0  1tk;<br \/>\n\u00d87,5  1tk;<br \/>\n\u00d88,0  1tk;<br \/>\n\u00d88,5  1tk;<br \/>\n\u00d89,0  1tk;<br \/>\n\u00d89,5  1tk;<br \/>\n\u00d810,0  1tk<br \/>\n1-10<\/p>\n","protected":false},"excerpt":{"rendered":"<p>\u00d81,0 1tk; \u00d81,5 1tk; \u00d82,0 1tk; \u00d82,5 1tk; \u00d83,0 1tk; \u00d83,5 1tk; \u00d84,0 1tk; \u00d84,5 1tk; \u00d85,0 1tk; \u00d85,5 1tk; \u00d86,0 1tk; \u00d86,5 1tk; \u00d87,0 1tk; \u00d87,5 1tk; \u00d88,0 1tk; \u00d88,5 1tk; \u00d89,0 1tk; \u00d89,5 1tk; \u00d810,0 1tk 1-10<\/p>\n","protected":false},"featured_media":0,"template":"","meta":[],"product_brand":[],"product_cat":[1091],"product_tag":[],"class_list":{"0":"post-145222","1":"product","2":"type-product","3":"status-publish","5":"product_cat-silindersabaga-spiraalpuurid","7":"first","8":"instock","9":"taxable","10":"shipping-taxable","11":"purchasable","12":"product-type-simple"},"_links":{"self":[{"href":"https:\/\/kavial.ee\/et\/wp-json\/wp\/v2\/product\/145222","targetHints":{"allow":["GET"]}}],"collection":[{"href":"https:\/\/kavial.ee\/et\/wp-json\/wp\/v2\/product"}],"about":[{"href":"https:\/\/kavial.ee\/et\/wp-json\/wp\/v2\/types\/product"}],"wp:attachment":[{"href":"https:\/\/kavial.ee\/et\/wp-json\/wp\/v2\/media?parent=145222"}],"wp:term":[{"taxonomy":"product_brand","embeddable":true,"href":"https:\/\/kavial.ee\/et\/wp-json\/wp\/v2\/product_brand?post=145222"},{"taxonomy":"product_cat","embeddable":true,"href":"https:\/\/kavial.ee\/et\/wp-json\/wp\/v2\/product_cat?post=145222"},{"taxonomy":"product_tag","embeddable":true,"href":"https:\/\/kavial.ee\/et\/wp-json\/wp\/v2\/product_tag?post=145222"}],"curies":[{"name":"wp","href":"https:\/\/api.w.org\/{rel}","templated":true}]}}