{"id":155420,"date":"2026-02-05T13:24:04","date_gmt":"2026-02-05T11:24:04","guid":{"rendered":"https:\/\/kavial.ee\/et\/?post_type=product&#038;p=155420"},"modified":"2026-02-05T13:24:04","modified_gmt":"2026-02-05T11:24:04","slug":"hr-300-05kg","status":"publish","type":"product","link":"https:\/\/kavial.ee\/et\/webshop\/hooldusseadmed\/toostuskeemia\/pahtlid\/hr-300-05kg\/","title":{"rendered":"HR-300 0,5kg"},"content":{"rendered":"<p>Kuumuskindel epoks\u00fcpahtel terasest t\u00e4iteainega<br \/>\nT\u00f6\u00f6temperatuur: 150-160\u00b0C<br \/>\nMaks. temperatuur: 250\u00b0C<br \/>\n0,5kg<\/p>\n","protected":false},"excerpt":{"rendered":"<p>Kuumuskindel epoks\u00fcpahtel terasest t\u00e4iteainega T\u00f6\u00f6temperatuur: 150-160\u00b0C Maks. temperatuur: 250\u00b0C 0,5kg<\/p>\n","protected":false},"featured_media":0,"template":"","meta":[],"product_brand":[],"product_cat":[534],"product_tag":[],"class_list":{"0":"post-155420","1":"product","2":"type-product","3":"status-publish","5":"product_cat-pahtlid","7":"first","8":"outofstock","9":"taxable","10":"shipping-taxable","11":"purchasable","12":"product-type-simple"},"_links":{"self":[{"href":"https:\/\/kavial.ee\/et\/wp-json\/wp\/v2\/product\/155420","targetHints":{"allow":["GET"]}}],"collection":[{"href":"https:\/\/kavial.ee\/et\/wp-json\/wp\/v2\/product"}],"about":[{"href":"https:\/\/kavial.ee\/et\/wp-json\/wp\/v2\/types\/product"}],"wp:attachment":[{"href":"https:\/\/kavial.ee\/et\/wp-json\/wp\/v2\/media?parent=155420"}],"wp:term":[{"taxonomy":"product_brand","embeddable":true,"href":"https:\/\/kavial.ee\/et\/wp-json\/wp\/v2\/product_brand?post=155420"},{"taxonomy":"product_cat","embeddable":true,"href":"https:\/\/kavial.ee\/et\/wp-json\/wp\/v2\/product_cat?post=155420"},{"taxonomy":"product_tag","embeddable":true,"href":"https:\/\/kavial.ee\/et\/wp-json\/wp\/v2\/product_tag?post=155420"}],"curies":[{"name":"wp","href":"https:\/\/api.w.org\/{rel}","templated":true}]}}