{"id":155611,"date":"2026-03-03T10:51:22","date_gmt":"2026-03-03T08:51:22","guid":{"rendered":"https:\/\/kavial.ee\/et\/?post_type=product&#038;p=155611"},"modified":"2026-04-07T18:14:24","modified_gmt":"2026-04-07T15:14:24","slug":"hc6002-c-2hrs-tvh-l207-c3-bb1-7389-c","status":"publish","type":"product","link":"https:\/\/kavial.ee\/et\/webshop\/masinaelemendid\/veerelaagrid\/kuullaagrid\/radiaalkuullaagrid\/60xx-62xx-63xx-64xx\/hc6002-c-2hrs-tvh-l207-c3-bb1-7389-c\/","title":{"rendered":"HC6002-C-2HRS-TVH-L207-C3 (BB1-7389 C)"},"content":{"rendered":"<p>H\u00fcbriidlaager; keraamilised kuulid; terasest v\u00f5rud; plastist separaator; Generation C muudetud sisekonstruktsioon (vt. pilt); hooldusvaba m\u00e4\u00e4re (eluaegne)<br \/>\n15x32x9<\/p>\n","protected":false},"excerpt":{"rendered":"<p>H\u00fcbriidlaager; keraamilised kuulid; terasest v\u00f5rud; plastist separaator; Generation C muudetud sisekonstruktsioon (vt. pilt); hooldusvaba m\u00e4\u00e4re (eluaegne) 15x32x9<\/p>\n","protected":false},"featured_media":155613,"template":"","meta":[],"product_brand":[],"product_cat":[72],"product_tag":[83],"class_list":{"0":"post-155611","1":"product","2":"type-product","3":"status-publish","4":"has-post-thumbnail","6":"product_cat-60xx-62xx-63xx-64xx","7":"product_tag-laager","9":"first","10":"instock","11":"taxable","12":"shipping-taxable","13":"purchasable","14":"product-type-simple"},"_links":{"self":[{"href":"https:\/\/kavial.ee\/et\/wp-json\/wp\/v2\/product\/155611","targetHints":{"allow":["GET"]}}],"collection":[{"href":"https:\/\/kavial.ee\/et\/wp-json\/wp\/v2\/product"}],"about":[{"href":"https:\/\/kavial.ee\/et\/wp-json\/wp\/v2\/types\/product"}],"wp:featuredmedia":[{"embeddable":true,"href":"https:\/\/kavial.ee\/et\/wp-json\/wp\/v2\/media\/155613"}],"wp:attachment":[{"href":"https:\/\/kavial.ee\/et\/wp-json\/wp\/v2\/media?parent=155611"}],"wp:term":[{"taxonomy":"product_brand","embeddable":true,"href":"https:\/\/kavial.ee\/et\/wp-json\/wp\/v2\/product_brand?post=155611"},{"taxonomy":"product_cat","embeddable":true,"href":"https:\/\/kavial.ee\/et\/wp-json\/wp\/v2\/product_cat?post=155611"},{"taxonomy":"product_tag","embeddable":true,"href":"https:\/\/kavial.ee\/et\/wp-json\/wp\/v2\/product_tag?post=155611"}],"curies":[{"name":"wp","href":"https:\/\/api.w.org\/{rel}","templated":true}]}}