{"id":111784,"date":"2024-02-20T01:34:45","date_gmt":"2024-02-19T23:34:45","guid":{"rendered":"https:\/\/kavial.ee\/?page_id=111784"},"modified":"2025-01-08T23:17:55","modified_gmt":"2025-01-08T21:17:55","slug":"schaeffler","status":"publish","type":"page","link":"https:\/\/kavial.ee\/ru\/company\/schaeffler\/","title":{"rendered":"Schaeffler"},"content":{"rendered":"<h1 class=\"wp-block-heading\">Schaeffler<\/h1>\n\n\n\n<p style=\"font-size:16px\">\u041c\u044b \u043e\u0447\u0435\u043d\u044c \u0434\u043e\u0440\u043e\u0436\u0438\u043c \u043d\u0430\u0448\u0438\u043c\u0438 \u0441\u0432\u044f\u0437\u044f\u043c\u0438 \u0441\u043e \u0432\u0441\u0435\u043c\u0438 \u043d\u0430\u0448\u0438\u043c\u0438 \u043f\u043e\u0441\u0442\u0430\u0432\u0449\u0438\u043a\u0430\u043c\u0438. \u0421\u043e \u043c\u043d\u043e\u0433\u0438\u043c\u0438 \u0443 \u043d\u0430\u0441 \u0441\u043b\u043e\u0436\u0438\u043b\u0438\u0441\u044c \u043e\u0447\u0435\u043d\u044c \u0442\u0435\u043f\u043b\u044b\u0435,\n\u0435\u0441\u043b\u0438 \u043d\u0435 \u0441\u043a\u0430\u0437\u0430\u0442\u044c, \u0434\u0440\u0443\u0436\u0435\u0441\u043a\u0438\u0435 \u043e\u0442\u043d\u043e\u0448\u0435\u043d\u0438\u044f. \u041e\u0442 \u043c\u0430\u043b\u0430 \u0434\u043e \u0432\u0435\u043b\u0438\u043a\u0430, \u043a\u0430\u0436\u0434\u044b\u0439 \u0431\u0440\u0435\u043d\u0434, \u043a\u043e\u0442\u043e\u0440\u044b\u0439 \u043c\u044b \u043f\u0440\u0435\u0434\u0441\u0442\u0430\u0432\u043b\u044f\u0435\u043c, \u043a\u0430\u0436\u0434\u044b\u0439\n\u043f\u043e\u0441\u0442\u0430\u0432\u0449\u0438\u043a, \u0432\u0430\u0436\u0435\u043d \u0434\u043b\u044f \u043d\u0430\u0441.<\/p>\n\n\n\n<p style=\"font-size:16px\" class=\"translation-block\">\u041e\u0434\u043d\u0430\u043a\u043e, \u043e\u0434\u0438\u043d \u043d\u0430\u0448 \u043f\u0430\u0440\u0442\u043d\u0435\u0440 \u0437\u0430\u043d\u0438\u043c\u0430\u0435\u0442 \u0432 \u043d\u0430\u0448\u0438\u0445 \u0441\u0435\u0440\u0434\u0446\u0430\u0445 \u043e\u0441\u043e\u0431\u043e\u0435 \u043c\u0435\u0441\u0442\u043e - \u044d\u0442\u043e <strong>Schaeffler Technologies AG &amp; Co. KG<\/strong> \u0438\u043b\u0438\n<strong>Schaeffler Group<\/strong><\/p>\n\n\n\n<p class=\"has-text-align-left\" style=\"font-size:16px\"><a href=\"https:\/\/www.schaeffler.de\/\" target=\"_blank\" rel=\"noreferrer noopener\"><img loading=\"lazy\" decoding=\"async\" width=\"600\" height=\"67\" class=\"wp-image-80505\" style=\"width: 600px;\" src=\"https:\/\/kavial.ee\/www\/wp-content\/uploads\/brnd-schaeffler.png\" alt=\"\" title=\"\" srcset=\"https:\/\/kavial.ee\/www\/wp-content\/uploads\/brnd-schaeffler.png 1000w, https:\/\/kavial.ee\/www\/wp-content\/uploads\/brnd-schaeffler-416x46.png 416w, https:\/\/kavial.ee\/www\/wp-content\/uploads\/brnd-schaeffler-64x7.png 64w\" sizes=\"auto, (max-width: 600px) 100vw, 600px\" \/><\/a><\/p>\n\n\n\n<p style=\"font-size:16px\">\u041d\u0430\u0448\u0435 \u0441\u043e\u0442\u0440\u0443\u0434\u043d\u0438\u0447\u0435\u0441\u0442\u0432\u043e \u0441 \u043a\u043e\u043d\u0446\u0435\u0440\u043d\u043e\u043c \u0438\u0437 \u0411\u0430\u0432\u0430\u0440\u0438\u0438 \u043d\u0430\u0447\u0430\u043b\u043e\u0441\u044c \u0432 \u0434\u0430\u043b\u0435\u043a\u043e\u043c 2006 \u0433\u043e\u0434\u0443. \u0412\u0441\u0435 \u044d\u0442\u0438 \u0433\u043e\u0434\u044b \u043d\u0430\u0448\u0438 \u043e\u0442\u043d\u043e\u0448\u0435\u043d\u0438\u044f\n\u043a\u0440\u0435\u043f\u043b\u0438, \u043e\u0431\u043e\u0440\u043e\u0442\u044b \u0440\u043e\u0441\u043b\u0438 \u0438 \u043d\u0430 \u0441\u0435\u0433\u043e\u0434\u043d\u044f\u0448\u043d\u0438\u0439 \u0434\u0435\u043d\u044c \u043c\u044b \u044f\u0432\u043b\u044f\u0435\u043c\u0441\u044f \u043e\u0434\u043d\u0438\u043c \u0438\u0437 \u043a\u0440\u0443\u043f\u043d\u0435\u0439\u0448\u0438\u0445 \u0434\u0438\u0441\u0442\u0440\u0438\u0431\u044c\u044e\u0442\u043e\u0440\u043e\u0432 \u043f\u0440\u043e\u0434\u0443\u043a\u0446\u0438\u0438\nSchaeffler \u0432 \u0441\u0442\u0440\u0430\u043d\u0430\u0445 \u0411\u0430\u043b\u0442\u0438\u0438.<\/p>\n\n\n\n<p style=\"font-size:16px\" class=\"translation-block\">\u0422\u0430\u043a\u0438\u0435 \u0431\u0440\u0435\u043d\u0434\u044b \u043a\u0430\u043a <strong>INA<\/strong> \u0438 <strong>FAG<\/strong>, \u043f\u0440\u0438\u043d\u0430\u0434\u043b\u0435\u0436\u0430\u0449\u0438\u0435 \u043a\u043e\u043d\u0446\u0435\u0440\u043d\u0443, \u0441\u043e\u0441\u0442\u0430\u0432\u043b\u044f\u044e\u0442 \u043a\u043e\u0441\u0442\u044f\u043a \u043f\u0440\u0435\u0434\u043b\u0430\u0433\u0430\u0435\u043c\u043e\u0433\u043e \u043d\u0430\u043c\u0438 \u0430\u0441\u0441\u043e\u0440\u0442\u0438\u043c\u0435\u043d\u0442\u0430\n\u0442\u043e\u0432\u0430\u0440\u043e\u0432. \u0428\u0438\u0440\u043e\u043a\u0438\u0439 \u0441\u043f\u0435\u043a\u0442\u0440 \u043e\u0431\u043b\u0430\u0441\u0442\u0435\u0439 \u043f\u0440\u0438\u043c\u0435\u043d\u0435\u043d\u0438\u044f, \u0432\u044b\u0441\u043e\u043a\u043e\u0435 \u043a\u0430\u0447\u0435\u0441\u0442\u0432\u043e \u0438 \u043f\u0440\u0438\u043b\u0430\u0433\u0430\u044e\u0449\u0430\u044f\u0441\u044f \u043f\u043e\u0434\u0434\u0435\u0440\u0436\u043a\u0430 \u043a\u0430\u043a \u043e\u0442 \u043d\u0430\u0448\u0438\u0445\n\u043e\u043f\u044b\u0442\u043d\u044b\u0445 \u0441\u043f\u0435\u0446\u0438\u0430\u043b\u0438\u0441\u0442\u043e\u0432, \u0442\u0430\u043a \u0438 \u0432\u044b\u0441\u043e\u043a\u043e\u043a\u0432\u0430\u043b\u0438\u0444\u0438\u0446\u0438\u0440\u043e\u0432\u0430\u043d\u043d\u044b\u0445 \u0437\u0430\u0432\u043e\u0434\u0441\u043a\u0438\u0445 \u0441\u043f\u0435\u0446\u0438\u0430\u043b\u0438\u0441\u0442\u043e\u0432, \u043f\u043e\u0437\u0432\u043e\u043b\u044f\u044e\u0442 \u043e\u0441\u0442\u0430\u0432\u0430\u0442\u044c\u0441\u044f \u043d\u0430\u043c\n\u0441\u0430\u043c\u044b\u043c\u0438 \u0432\u043e\u0441\u0442\u0440\u0435\u0431\u043e\u0432\u0430\u043d\u043d\u044b\u043c\u0438 \u0438 \u043d\u0430\u0434\u0435\u0436\u043d\u044b\u043c\u0438 \u043f\u043e\u0441\u0442\u0430\u0432\u0449\u0438\u043a\u0430\u043c\u0438 \u0434\u043b\u044f \u043f\u0440\u0435\u0434\u043f\u0440\u0438\u044f\u0442\u0438\u0439 \u043a\u0430\u043a \u043b\u0435\u0433\u043a\u043e\u0439, \u0442\u0430\u043a \u0438 \u0442\u044f\u0436\u0435\u043b\u043e\u0439\n\u043f\u0440\u043e\u043c\u044b\u0448\u043b\u0435\u043d\u043d\u043e\u0441\u0442\u0438 \u0432 \u042d\u0441\u0442\u043e\u043d\u0438\u0438 \u0438 \u0441\u0442\u0440\u0430\u043d\u0430\u0445 \u0411\u0430\u043b\u0442\u0438\u0438.<\/p>\n\n\n\n<p style=\"font-size:16px\">\u041e\u0434\u043d\u0438\u043c\u0438 \u0438\u0437 \u0433\u043b\u0430\u0432\u043d\u044b\u0445 \u043f\u0440\u0438\u043d\u0446\u0438\u043f\u043e\u0432 \u044d\u0442\u043e\u0433\u043e \u043f\u0430\u0440\u0442\u043d\u0435\u0440\u0441\u0442\u0432\u0430 - \u043e\u0442\u043a\u0440\u044b\u0442\u043e\u0441\u0442\u044c \u0438 \u0434\u043e\u0441\u0442\u0443\u043f\u043d\u043e\u0441\u0442\u044c \u0434\u043b\u044f \u043a\u043e\u043d\u0435\u0447\u043d\u043e\u0433\u043e \u043f\u043e\u0442\u0440\u0435\u0431\u0438\u0442\u0435\u043b\u044f. \u0412\u0441\u0435\n\u043d\u0430\u0448\u0438 \u043a\u043b\u0438\u0435\u043d\u0442\u044b, \u0438\u0441\u043f\u043e\u043b\u044c\u0437\u0443\u044e\u0449\u0438\u0435 \u043f\u0440\u043e\u0434\u0443\u043a\u0446\u0438\u044e Schaeffler, \u0442\u0430\u043a\u0436\u0435 \u043a\u043b\u0438\u0435\u043d\u0442\u044b \u0438 Schaeffler.<\/p>\n\n\n\n<h2 class=\"wp-block-heading\">medias<\/h2>\n\n\n\n<p style=\"font-size:16px\" class=\"translation-block\">\u0414\u043b\u044f \u0442\u043e\u0433\u043e, \u0447\u0442\u043e\u0431\u044b \u0432\u0441\u0435\u0433\u0434\u0430 \u0441\u043e\u043e\u0442\u0432\u0435\u0442\u0441\u0442\u0432\u043e\u0432\u0430\u0442\u044c \u044d\u0442\u0438\u043c \u043f\u0440\u0438\u043d\u0446\u0438\u043f\u0430\u043c - \u0431\u044b\u0442\u044c \u0434\u043e\u0441\u0442\u0443\u043f\u043d\u044b\u043c\u0438 \u0438 \u043e\u0442\u043a\u0440\u044b\u043c\u0438 \u0434\u0430\u0436\u0435 \u0434\u043b\u044f \u0441\u0430\u043c\u044b\u0445\n\u043c\u0430\u043b\u0435\u043d\u044c\u043a\u0438\u0445 \u043f\u0440\u0435\u0434\u043f\u0440\u0438\u043d\u0438\u043c\u0430\u0442\u0435\u043b\u0435\u0439 \u0438 \u0447\u0430\u0441\u0442\u043d\u044b\u0445 \u043a\u043b\u0438\u0435\u043d\u0442\u043e\u0432, \u0432 Schaeffler Group \u0441\u043e\u0437\u0434\u0430\u043b\u0438 \u0443\u043d\u0438\u0432\u0435\u0440\u0441\u0430\u043b\u044c\u043d\u044b\u0439 \u0438\u043d\u0441\u0442\u0440\u0443\u043c\u0435\u043d\u0442\u0430\u0440\u0438\u0439,\n\u0433\u043b\u043e\u0441\u0441\u0430\u0440\u0438\u0439, \u043a\u0430\u0442\u0430\u043b\u043e\u0433 \u0438 \u044d\u043d\u0446\u0438\u043a\u043b\u043e\u043f\u0435\u0434\u0438\u044e - \u0442\u0440\u0438 \u0432 \u043e\u0434\u043d\u043e\u043c, \u0434\u043b\u044f \u043f\u043e\u0434\u0431\u043e\u0440\u0430 \u043d\u0435\u043e\u0431\u0445\u043e\u0434\u0438\u043c\u043e\u0439 \u043f\u0440\u043e\u043c\u044b\u0448\u043b\u0435\u043d\u043d\u043e\u0439 \u043f\u0440\u043e\u0434\u0443\u043a\u0446\u0438\u0438 - <strong><a href=\"https:\/\/medias.schaeffler.de\/en?affiliateid=A102200773\" target=\"_blank\" rel=\"noreferrer noopener\">medias<\/a><\/strong><\/p>\n\n\n\n<p style=\"font-size:16px\">\u041f\u0440\u0435\u0442\u0435\u0440\u043f\u0435\u0432\u0448\u0430\u044f \u043d\u0435\u0441\u043a\u043e\u043b\u044c\u043a\u043e \u043a\u0430\u0447\u0435\u0441\u0442\u0432\u0435\u043d\u043d\u044b\u0445 \u0438\u0437\u043c\u0435\u043d\u0435\u043d\u0438\u0439, \u0438 \u043f\u0440\u043e\u0434\u043e\u043b\u0436\u0430\u044e\u0449\u0430\u044f \u0440\u0430\u0441\u0448\u0438\u0440\u044f\u0442\u044c\u0441\u044f \u0438 \u043e\u0431\u043d\u043e\u0432\u043b\u044f\u0442\u044c\u0441\u044f \u0432\u0435\u0431-\u0441\u0440\u0435\u0434\u0430,\n\u0441\u0442\u0430\u043b\u0430 \u043d\u0435\u0437\u0430\u043c\u0435\u043d\u0438\u043c\u044b\u043c \u0438\u043d\u0441\u0442\u0440\u0443\u043c\u0435\u043d\u0442\u043e\u043c \u043a\u0430\u043a \u0434\u043b\u044f \u043d\u0430\u0448\u0438\u0445 \u043a\u043b\u0438\u0435\u043d\u0442\u043e\u0432, \u0442\u0430\u043a \u0438 \u0434\u043b\u044f \u043d\u0430\u0441 \u0441\u0430\u043c\u0438\u0445.<\/p>\n\n\n\n<p style=\"font-size:16px\" class=\"translation-block\"><strong>medias<\/strong> Plus \u0441\u043e\u0432\u0435\u0440\u0448\u0435\u043d\u043d\u043e \u0431\u0435\u0441\u043f\u043b\u0430\u0442\u0435\u043d, \u0430\u0431\u0441\u043e\u043b\u044e\u0442\u043d\u043e \u0434\u043b\u044f \u0432\u0441\u0435\u0445.<\/p>\n\n\n\n<h2 class=\"wp-block-heading\">\u0421\u0438\u0441\u0442\u0435\u043c\u044b \u043b\u0438\u043d\u0435\u0439\u043d\u043e\u0433\u043e \u043f\u0435\u0440\u0435\u043c\u0435\u0449\u0435\u043d\u0438\u044f INA<\/h2>\n\n\n\n<p style=\"font-size:16px\" class=\"translation-block\">\u0412 1955 \u0433\u043e\u0434\u0443 <strong>INA<\/strong> \u0440\u0430\u0437\u0440\u0430\u0431\u043e\u0442\u0430\u043b\u0430 \u043f\u0435\u0440\u0432\u044b\u0435 \u043b\u0438\u043d\u0435\u0439\u043d\u044b\u0435 \u043d\u0430\u043f\u0440\u0430\u0432\u043b\u044f\u044e\u0449\u0438\u0435 - \u0447\u0442\u043e \u0441\u0442\u0430\u043b\u043e \u0444\u0443\u043d\u0434\u0430\u043c\u0435\u043d\u0442\u043e\u043c \u0434\u043b\u044f \u0431\u0443\u0434\u0443\u0449\u0435\u0433\u043e\n\u043f\u0440\u043e\u0444\u0438\u043b\u044c\u043d\u043e\u0433\u043e \u0442\u0435\u0445\u043d\u043e\u043b\u043e\u0433\u0438\u0447\u0435\u0441\u043a\u043e\u0433\u043e \u043f\u043e\u0434\u0440\u0430\u0437\u0434\u0435\u043b\u0435\u043d\u0438\u044f. \u0421 \u0442\u0435\u0445 \u043f\u043e\u0440 \u0432\u044b\u0441\u043e\u043a\u043e\u0442\u0435\u0445\u043d\u043e\u043b\u043e\u0433\u0438\u0447\u043d\u044b\u0435 \u043a\u0430\u0440\u0435\u0442\u043a\u0438 \u0438 \u043d\u0430\u043f\u0440\u0430\u0432\u043b\u044f\u044e\u0449\u0438\u0435\nSchaeffler \u0441\u0440\u0435\u0434\u0438 \u043b\u0438\u0434\u0435\u0440\u043e\u0432 \u0440\u044b\u043d\u043a\u0430.<\/p>\n\n\n\n<p style=\"font-size:16px\">\u0421\u0443\u0449\u0435\u0441\u0442\u0432\u0435\u043d\u043d\u0443\u044e \u0447\u0430\u0441\u0442\u044c \u043d\u0430\u0448\u0435\u0439 \u043b\u0438\u043d\u0435\u0439\u043a\u0438 \u0442\u043e\u0432\u0430\u0440\u043e\u0432 \u0441\u043e\u0441\u0442\u0430\u0432\u043b\u044f\u0435\u0442 \u0438\u043c\u0435\u043d\u043d\u043e \u043f\u0440\u043e\u0434\u0443\u043a\u0446\u0438\u044f \u043e\u0442\u0434\u0435\u043b\u0430 \u0441\u0438\u0441\u0442\u0435\u043c \u043b\u0438\u043d\u0435\u0439\u043d\u043e\u0433\u043e\n\u043f\u0435\u0440\u0435\u043c\u0435\u0449\u0435\u043d\u0438\u044f \u043a\u043e\u043c\u043f\u0430\u043d\u0438\u0438 Schaeffler.<\/p>","protected":false},"excerpt":{"rendered":"<p>Schaeffler Hindame v\u00e4ga suhteid k\u00f5igiga meie tarnijatega. Paljudega neist meil on tekkinud v\u00e4ga soojad, v\u00f5ib isegi \u00f6elda, s\u00f5bralikud suhted. V\u00e4ike v\u00f5i suur, iga kaubam\u00e4rk, mida me esindame, iga tarnija, kellega me t\u00f6\u00f6tame, on meile oluline. Aga on olemas \u00fcks partner, kes on meie s\u00fcdames erilisel kohal &#8211; Schaeffler Technologies AG &amp; Co. KG ehk Schaeffler [&hellip;]<\/p>\n","protected":false},"author":1,"featured_media":0,"parent":80459,"menu_order":12,"comment_status":"closed","ping_status":"closed","template":"","meta":{"footnotes":""},"class_list":["post-111784","page","type-page","status-publish","hentry"],"_links":{"self":[{"href":"https:\/\/kavial.ee\/ru\/wp-json\/wp\/v2\/pages\/111784","targetHints":{"allow":["GET"]}}],"collection":[{"href":"https:\/\/kavial.ee\/ru\/wp-json\/wp\/v2\/pages"}],"about":[{"href":"https:\/\/kavial.ee\/ru\/wp-json\/wp\/v2\/types\/page"}],"author":[{"embeddable":true,"href":"https:\/\/kavial.ee\/ru\/wp-json\/wp\/v2\/users\/1"}],"replies":[{"embeddable":true,"href":"https:\/\/kavial.ee\/ru\/wp-json\/wp\/v2\/comments?post=111784"}],"version-history":[{"count":0,"href":"https:\/\/kavial.ee\/ru\/wp-json\/wp\/v2\/pages\/111784\/revisions"}],"up":[{"embeddable":true,"href":"https:\/\/kavial.ee\/ru\/wp-json\/wp\/v2\/pages\/80459"}],"wp:attachment":[{"href":"https:\/\/kavial.ee\/ru\/wp-json\/wp\/v2\/media?parent=111784"}],"curies":[{"name":"wp","href":"https:\/\/api.w.org\/{rel}","templated":true}]}}