{"id":102598,"date":"2023-10-12T11:57:00","date_gmt":"2023-10-12T08:57:00","guid":{"rendered":"https:\/\/kavial.ee\/et\/?post_type=product&#038;p=102598"},"modified":"2025-10-02T09:32:49","modified_gmt":"2025-10-02T06:32:49","slug":"rcra20-46-xl-fa106","status":"publish","type":"product","link":"https:\/\/kavial.ee\/ru\/webshop\/masinaelemendid\/laagrisolmed\/pukklaagrid-y-laagrid\/rabr-rcs-rcr-cesr\/rcra20-46-xl-fa106\/","title":{"rendered":"RCRA20\/46-XL-FA106"},"content":{"rendered":"<p>Ekstsentrik-kinnitusr\u00f5ngaga RALE20-XL-NPP-FA106 pukklaager (Y-laager) v\u00e4lisv\u00f5ru kummipuksiga<br \/>\n20x46x18,3\/24,5<\/p>","protected":false},"excerpt":{"rendered":"<p>Ekstsentrik-kinnitusr\u00f5ngaga RALE20-XL-NPP-FA106 pukklaager (Y-laager) v\u00e4lisv\u00f5ru kummipuksiga 20x46x18,3\/24,5<\/p>","protected":false},"featured_media":136248,"template":"","meta":[],"product_brand":[],"product_cat":[477],"product_tag":[394],"class_list":{"0":"post-102598","1":"product","2":"type-product","3":"status-publish","4":"has-post-thumbnail","6":"product_cat-rabr-rcs-rcr-cesr","7":"product_tag-pukklaager","9":"first","10":"instock","11":"taxable","12":"shipping-taxable","13":"purchasable","14":"product-type-simple"},"_links":{"self":[{"href":"https:\/\/kavial.ee\/ru\/wp-json\/wp\/v2\/product\/102598","targetHints":{"allow":["GET"]}}],"collection":[{"href":"https:\/\/kavial.ee\/ru\/wp-json\/wp\/v2\/product"}],"about":[{"href":"https:\/\/kavial.ee\/ru\/wp-json\/wp\/v2\/types\/product"}],"wp:featuredmedia":[{"embeddable":true,"href":"https:\/\/kavial.ee\/ru\/wp-json\/wp\/v2\/media\/136248"}],"wp:attachment":[{"href":"https:\/\/kavial.ee\/ru\/wp-json\/wp\/v2\/media?parent=102598"}],"wp:term":[{"taxonomy":"product_brand","embeddable":true,"href":"https:\/\/kavial.ee\/ru\/wp-json\/wp\/v2\/product_brand?post=102598"},{"taxonomy":"product_cat","embeddable":true,"href":"https:\/\/kavial.ee\/ru\/wp-json\/wp\/v2\/product_cat?post=102598"},{"taxonomy":"product_tag","embeddable":true,"href":"https:\/\/kavial.ee\/ru\/wp-json\/wp\/v2\/product_tag?post=102598"}],"curies":[{"name":"wp","href":"https:\/\/api.w.org\/{rel}","templated":true}]}}