{"id":105213,"date":"2023-10-20T10:59:03","date_gmt":"2023-10-20T07:59:03","guid":{"rendered":"https:\/\/kavial.ee\/et\/?post_type=product&#038;p=105213"},"modified":"2026-02-26T17:13:19","modified_gmt":"2026-02-26T15:13:19","slug":"lagd125-wm2","status":"publish","type":"product","link":"https:\/\/kavial.ee\/ru\/webshop\/hooldusseadmed\/maardesusteemid\/automaatmaarijad\/lagd125-wm2\/","title":{"rendered":"LAGD125\/WM2"},"content":{"rendered":"<p>LGWM2 m\u00e4\u00e4rega gaasiajamiga automaatm\u00e4\u00e4rija<br \/>\n125ml<\/p>","protected":false},"excerpt":{"rendered":"<p>LGWM2 m\u00e4\u00e4rega gaasiajamiga automaatm\u00e4\u00e4rija 125ml<\/p>","protected":false},"featured_media":0,"template":"","meta":[],"product_brand":[],"product_cat":[1061],"product_tag":[524],"class_list":{"0":"post-105213","1":"product","2":"type-product","3":"status-publish","5":"product_cat-automaatmaarijad","6":"product_tag-automaatmaarija","8":"first","9":"outofstock","10":"taxable","11":"shipping-taxable","12":"product-type-simple"},"_links":{"self":[{"href":"https:\/\/kavial.ee\/ru\/wp-json\/wp\/v2\/product\/105213","targetHints":{"allow":["GET"]}}],"collection":[{"href":"https:\/\/kavial.ee\/ru\/wp-json\/wp\/v2\/product"}],"about":[{"href":"https:\/\/kavial.ee\/ru\/wp-json\/wp\/v2\/types\/product"}],"wp:attachment":[{"href":"https:\/\/kavial.ee\/ru\/wp-json\/wp\/v2\/media?parent=105213"}],"wp:term":[{"taxonomy":"product_brand","embeddable":true,"href":"https:\/\/kavial.ee\/ru\/wp-json\/wp\/v2\/product_brand?post=105213"},{"taxonomy":"product_cat","embeddable":true,"href":"https:\/\/kavial.ee\/ru\/wp-json\/wp\/v2\/product_cat?post=105213"},{"taxonomy":"product_tag","embeddable":true,"href":"https:\/\/kavial.ee\/ru\/wp-json\/wp\/v2\/product_tag?post=105213"}],"curies":[{"name":"wp","href":"https:\/\/api.w.org\/{rel}","templated":true}]}}