{"id":105255,"date":"2023-10-20T11:19:23","date_gmt":"2023-10-20T08:19:23","guid":{"rendered":"https:\/\/kavial.ee\/et\/?post_type=product&#038;p=105255"},"modified":"2026-02-05T13:20:27","modified_gmt":"2026-02-05T11:20:27","slug":"arcanol-multi3-1kg","status":"publish","type":"product","link":"https:\/\/kavial.ee\/ru\/webshop\/hooldusseadmed\/maardesusteemid\/laagrimaarded\/arcanol-multi3-1kg\/","title":{"rendered":"ARCANOL-MULTI3-1KG"},"content":{"rendered":"<p>Universaalne konsistentne m\u00e4\u00e4re; laagritele v\u00e4lisl\u00e4bim\u00f5\u00f5duga \u00fcle 62mm; kasutustemeperatuur -30\u00b0C +120\u00b0C; liitium paksendaja; pakend: purk<br \/>\n1000g<\/p>","protected":false},"excerpt":{"rendered":"<p>Universaalne konsistentne m\u00e4\u00e4re; laagritele v\u00e4lisl\u00e4bim\u00f5\u00f5duga \u00fcle 62mm; kasutustemeperatuur -30\u00b0C +120\u00b0C; liitium paksendaja; pakend: purk 1000g<\/p>","protected":false},"featured_media":0,"template":"","meta":[],"product_brand":[],"product_cat":[984],"product_tag":[523],"class_list":{"0":"post-105255","1":"product","2":"type-product","3":"status-publish","5":"product_cat-laagrimaarded","6":"product_tag-maare","8":"first","9":"outofstock","10":"taxable","11":"shipping-taxable","12":"purchasable","13":"product-type-simple"},"_links":{"self":[{"href":"https:\/\/kavial.ee\/ru\/wp-json\/wp\/v2\/product\/105255","targetHints":{"allow":["GET"]}}],"collection":[{"href":"https:\/\/kavial.ee\/ru\/wp-json\/wp\/v2\/product"}],"about":[{"href":"https:\/\/kavial.ee\/ru\/wp-json\/wp\/v2\/types\/product"}],"wp:attachment":[{"href":"https:\/\/kavial.ee\/ru\/wp-json\/wp\/v2\/media?parent=105255"}],"wp:term":[{"taxonomy":"product_brand","embeddable":true,"href":"https:\/\/kavial.ee\/ru\/wp-json\/wp\/v2\/product_brand?post=105255"},{"taxonomy":"product_cat","embeddable":true,"href":"https:\/\/kavial.ee\/ru\/wp-json\/wp\/v2\/product_cat?post=105255"},{"taxonomy":"product_tag","embeddable":true,"href":"https:\/\/kavial.ee\/ru\/wp-json\/wp\/v2\/product_tag?post=105255"}],"curies":[{"name":"wp","href":"https:\/\/api.w.org\/{rel}","templated":true}]}}