{"id":105261,"date":"2023-10-20T11:19:27","date_gmt":"2023-10-20T08:19:27","guid":{"rendered":"https:\/\/kavial.ee\/et\/?post_type=product&#038;p=105261"},"modified":"2026-02-05T13:20:28","modified_gmt":"2026-02-05T11:20:28","slug":"arcanol-multitop-1kg","status":"publish","type":"product","link":"https:\/\/kavial.ee\/ru\/webshop\/hooldusseadmed\/maardesusteemid\/laagrimaarded\/arcanol-multitop-1kg\/","title":{"rendered":"ARCANOL-MULTITOP-1KG"},"content":{"rendered":"<p>Universaalne konsistentne m\u00e4\u00e4re; k\u00f5rge koormusega ja p\u00f6\u00f6rlemissagedusega kasutustingimused; kasutustemeperatuur -50\u00b0C +140\u00b0C; liitium paksendaja; pakend: purk<br \/>\n1000g<\/p>","protected":false},"excerpt":{"rendered":"<p>Universaalne konsistentne m\u00e4\u00e4re; k\u00f5rge koormusega ja p\u00f6\u00f6rlemissagedusega kasutustingimused; kasutustemeperatuur -50\u00b0C +140\u00b0C; liitium paksendaja; pakend: purk 1000g<\/p>","protected":false},"featured_media":155364,"template":"","meta":[],"product_brand":[],"product_cat":[984],"product_tag":[523],"class_list":{"0":"post-105261","1":"product","2":"type-product","3":"status-publish","4":"has-post-thumbnail","6":"product_cat-laagrimaarded","7":"product_tag-maare","9":"first","10":"instock","11":"taxable","12":"shipping-taxable","13":"purchasable","14":"product-type-simple"},"_links":{"self":[{"href":"https:\/\/kavial.ee\/ru\/wp-json\/wp\/v2\/product\/105261","targetHints":{"allow":["GET"]}}],"collection":[{"href":"https:\/\/kavial.ee\/ru\/wp-json\/wp\/v2\/product"}],"about":[{"href":"https:\/\/kavial.ee\/ru\/wp-json\/wp\/v2\/types\/product"}],"wp:featuredmedia":[{"embeddable":true,"href":"https:\/\/kavial.ee\/ru\/wp-json\/wp\/v2\/media\/155364"}],"wp:attachment":[{"href":"https:\/\/kavial.ee\/ru\/wp-json\/wp\/v2\/media?parent=105261"}],"wp:term":[{"taxonomy":"product_brand","embeddable":true,"href":"https:\/\/kavial.ee\/ru\/wp-json\/wp\/v2\/product_brand?post=105261"},{"taxonomy":"product_cat","embeddable":true,"href":"https:\/\/kavial.ee\/ru\/wp-json\/wp\/v2\/product_cat?post=105261"},{"taxonomy":"product_tag","embeddable":true,"href":"https:\/\/kavial.ee\/ru\/wp-json\/wp\/v2\/product_tag?post=105261"}],"curies":[{"name":"wp","href":"https:\/\/api.w.org\/{rel}","templated":true}]}}