{"id":105262,"date":"2023-10-20T11:19:28","date_gmt":"2023-10-20T08:19:28","guid":{"rendered":"https:\/\/kavial.ee\/et\/?post_type=product&#038;p=105262"},"modified":"2026-03-25T17:13:47","modified_gmt":"2026-03-25T15:13:47","slug":"arcanol-multitop-400g","status":"publish","type":"product","link":"https:\/\/kavial.ee\/ru\/webshop\/hooldusseadmed\/maardesusteemid\/laagrimaarded\/arcanol-multitop-400g\/","title":{"rendered":"ARCANOL-MULTITOP-400G"},"content":{"rendered":"<p>Universaalne konsistentne m\u00e4\u00e4re; k\u00f5rge koormusega ja p\u00f6\u00f6rlemissagedusega kasutustingimused; kasutustemeperatuur -40\u00b0C +140\u00b0C; liitium paksendaja; pakend: kassett<br \/>\n400g<\/p>","protected":false},"excerpt":{"rendered":"<p>Universaalne konsistentne m\u00e4\u00e4re; k\u00f5rge koormusega ja p\u00f6\u00f6rlemissagedusega kasutustingimused; kasutustemeperatuur -40\u00b0C +140\u00b0C; liitium paksendaja; pakend: kassett 400g<\/p>","protected":false},"featured_media":155369,"template":"","meta":[],"product_brand":[],"product_cat":[984],"product_tag":[523],"class_list":{"0":"post-105262","1":"product","2":"type-product","3":"status-publish","4":"has-post-thumbnail","6":"product_cat-laagrimaarded","7":"product_tag-maare","9":"first","10":"instock","11":"taxable","12":"shipping-taxable","13":"purchasable","14":"product-type-simple"},"_links":{"self":[{"href":"https:\/\/kavial.ee\/ru\/wp-json\/wp\/v2\/product\/105262","targetHints":{"allow":["GET"]}}],"collection":[{"href":"https:\/\/kavial.ee\/ru\/wp-json\/wp\/v2\/product"}],"about":[{"href":"https:\/\/kavial.ee\/ru\/wp-json\/wp\/v2\/types\/product"}],"wp:featuredmedia":[{"embeddable":true,"href":"https:\/\/kavial.ee\/ru\/wp-json\/wp\/v2\/media\/155369"}],"wp:attachment":[{"href":"https:\/\/kavial.ee\/ru\/wp-json\/wp\/v2\/media?parent=105262"}],"wp:term":[{"taxonomy":"product_brand","embeddable":true,"href":"https:\/\/kavial.ee\/ru\/wp-json\/wp\/v2\/product_brand?post=105262"},{"taxonomy":"product_cat","embeddable":true,"href":"https:\/\/kavial.ee\/ru\/wp-json\/wp\/v2\/product_cat?post=105262"},{"taxonomy":"product_tag","embeddable":true,"href":"https:\/\/kavial.ee\/ru\/wp-json\/wp\/v2\/product_tag?post=105262"}],"curies":[{"name":"wp","href":"https:\/\/api.w.org\/{rel}","templated":true}]}}