{"id":105279,"date":"2023-10-20T10:58:58","date_gmt":"2023-10-20T07:58:58","guid":{"rendered":"https:\/\/kavial.ee\/et\/?post_type=product&#038;p=105279"},"modified":"2026-04-10T17:08:28","modified_gmt":"2026-04-10T14:08:28","slug":"lagd125-wa2","status":"publish","type":"product","link":"https:\/\/kavial.ee\/ru\/webshop\/hooldusseadmed\/maardesusteemid\/automaatmaarijad\/lagd125-wa2\/","title":{"rendered":"LAGD125\/WA2"},"content":{"rendered":"<p>LGWA 2 m\u00e4\u00e4rega gaasiajamiga automaatm\u00e4\u00e4rija<br \/>\n125ml<\/p>","protected":false},"excerpt":{"rendered":"<p>LGWA 2 m\u00e4\u00e4rega gaasiajamiga automaatm\u00e4\u00e4rija 125ml<\/p>","protected":false},"featured_media":155394,"template":"","meta":[],"product_brand":[],"product_cat":[1061],"product_tag":[524],"class_list":{"0":"post-105279","1":"product","2":"type-product","3":"status-publish","4":"has-post-thumbnail","6":"product_cat-automaatmaarijad","7":"product_tag-automaatmaarija","9":"first","10":"instock","11":"taxable","12":"shipping-taxable","13":"purchasable","14":"product-type-simple"},"_links":{"self":[{"href":"https:\/\/kavial.ee\/ru\/wp-json\/wp\/v2\/product\/105279","targetHints":{"allow":["GET"]}}],"collection":[{"href":"https:\/\/kavial.ee\/ru\/wp-json\/wp\/v2\/product"}],"about":[{"href":"https:\/\/kavial.ee\/ru\/wp-json\/wp\/v2\/types\/product"}],"wp:featuredmedia":[{"embeddable":true,"href":"https:\/\/kavial.ee\/ru\/wp-json\/wp\/v2\/media\/155394"}],"wp:attachment":[{"href":"https:\/\/kavial.ee\/ru\/wp-json\/wp\/v2\/media?parent=105279"}],"wp:term":[{"taxonomy":"product_brand","embeddable":true,"href":"https:\/\/kavial.ee\/ru\/wp-json\/wp\/v2\/product_brand?post=105279"},{"taxonomy":"product_cat","embeddable":true,"href":"https:\/\/kavial.ee\/ru\/wp-json\/wp\/v2\/product_cat?post=105279"},{"taxonomy":"product_tag","embeddable":true,"href":"https:\/\/kavial.ee\/ru\/wp-json\/wp\/v2\/product_tag?post=105279"}],"curies":[{"name":"wp","href":"https:\/\/api.w.org\/{rel}","templated":true}]}}