{"id":105296,"date":"2023-10-20T11:20:35","date_gmt":"2023-10-20T08:20:35","guid":{"rendered":"https:\/\/kavial.ee\/et\/?post_type=product&#038;p=105296"},"modified":"2026-02-05T13:20:40","modified_gmt":"2026-02-05T11:20:40","slug":"lghp2-1","status":"publish","type":"product","link":"https:\/\/kavial.ee\/ru\/webshop\/hooldusseadmed\/maardesusteemid\/laagrimaarded\/lghp2-1\/","title":{"rendered":"LGHP2\/1"},"content":{"rendered":"<p>Mineraal\u00f5list m\u00e4\u00e4re; vee-\/korrisioonikindel; k\u00f5rge koormusega ja temperatuuriga kasutustingimused; kasutustemeperatuur -40\u00b0C +150\u00b0C; pol\u00fckarbamiid paksendaja; pakend: purk<br \/>\n1000g<\/p>","protected":false},"excerpt":{"rendered":"<p>Mineraal\u00f5list m\u00e4\u00e4re; vee-\/korrisioonikindel; k\u00f5rge koormusega ja temperatuuriga kasutustingimused; kasutustemeperatuur -40\u00b0C +150\u00b0C; pol\u00fckarbamiid paksendaja; pakend: purk 1000g<\/p>","protected":false},"featured_media":155384,"template":"","meta":[],"product_brand":[],"product_cat":[984],"product_tag":[523],"class_list":{"0":"post-105296","1":"product","2":"type-product","3":"status-publish","4":"has-post-thumbnail","6":"product_cat-laagrimaarded","7":"product_tag-maare","9":"first","10":"instock","11":"taxable","12":"shipping-taxable","13":"purchasable","14":"product-type-simple"},"_links":{"self":[{"href":"https:\/\/kavial.ee\/ru\/wp-json\/wp\/v2\/product\/105296","targetHints":{"allow":["GET"]}}],"collection":[{"href":"https:\/\/kavial.ee\/ru\/wp-json\/wp\/v2\/product"}],"about":[{"href":"https:\/\/kavial.ee\/ru\/wp-json\/wp\/v2\/types\/product"}],"wp:featuredmedia":[{"embeddable":true,"href":"https:\/\/kavial.ee\/ru\/wp-json\/wp\/v2\/media\/155384"}],"wp:attachment":[{"href":"https:\/\/kavial.ee\/ru\/wp-json\/wp\/v2\/media?parent=105296"}],"wp:term":[{"taxonomy":"product_brand","embeddable":true,"href":"https:\/\/kavial.ee\/ru\/wp-json\/wp\/v2\/product_brand?post=105296"},{"taxonomy":"product_cat","embeddable":true,"href":"https:\/\/kavial.ee\/ru\/wp-json\/wp\/v2\/product_cat?post=105296"},{"taxonomy":"product_tag","embeddable":true,"href":"https:\/\/kavial.ee\/ru\/wp-json\/wp\/v2\/product_tag?post=105296"}],"curies":[{"name":"wp","href":"https:\/\/api.w.org\/{rel}","templated":true}]}}