{"id":105298,"date":"2023-10-20T11:20:36","date_gmt":"2023-10-20T08:20:36","guid":{"rendered":"https:\/\/kavial.ee\/et\/?post_type=product&#038;p=105298"},"modified":"2026-04-02T17:08:14","modified_gmt":"2026-04-02T14:08:14","slug":"lghp2-5","status":"publish","type":"product","link":"https:\/\/kavial.ee\/ru\/webshop\/hooldusseadmed\/maardesusteemid\/laagrimaarded\/lghp2-5\/","title":{"rendered":"LGHP2\/5"},"content":{"rendered":"<p>Mineraal\u00f5list m\u00e4\u00e4re; vee-\/korrisioonikindel; k\u00f5rge koormusega ja temperatuuriga kasutustingimused; kasutustemeperatuur -40\u00b0C +150\u00b0C; pol\u00fckarbamiid paksendaja; pakend: purk<br \/>\n5000g<\/p>","protected":false},"excerpt":{"rendered":"<p>Mineraal\u00f5list m\u00e4\u00e4re; vee-\/korrisioonikindel; k\u00f5rge koormusega ja temperatuuriga kasutustingimused; kasutustemeperatuur -40\u00b0C +150\u00b0C; pol\u00fckarbamiid paksendaja; pakend: purk 5000g<\/p>","protected":false},"featured_media":155363,"template":"","meta":[],"product_brand":[],"product_cat":[984],"product_tag":[523],"class_list":{"0":"post-105298","1":"product","2":"type-product","3":"status-publish","4":"has-post-thumbnail","6":"product_cat-laagrimaarded","7":"product_tag-maare","9":"first","10":"instock","11":"taxable","12":"shipping-taxable","13":"purchasable","14":"product-type-simple"},"_links":{"self":[{"href":"https:\/\/kavial.ee\/ru\/wp-json\/wp\/v2\/product\/105298","targetHints":{"allow":["GET"]}}],"collection":[{"href":"https:\/\/kavial.ee\/ru\/wp-json\/wp\/v2\/product"}],"about":[{"href":"https:\/\/kavial.ee\/ru\/wp-json\/wp\/v2\/types\/product"}],"wp:featuredmedia":[{"embeddable":true,"href":"https:\/\/kavial.ee\/ru\/wp-json\/wp\/v2\/media\/155363"}],"wp:attachment":[{"href":"https:\/\/kavial.ee\/ru\/wp-json\/wp\/v2\/media?parent=105298"}],"wp:term":[{"taxonomy":"product_brand","embeddable":true,"href":"https:\/\/kavial.ee\/ru\/wp-json\/wp\/v2\/product_brand?post=105298"},{"taxonomy":"product_cat","embeddable":true,"href":"https:\/\/kavial.ee\/ru\/wp-json\/wp\/v2\/product_cat?post=105298"},{"taxonomy":"product_tag","embeddable":true,"href":"https:\/\/kavial.ee\/ru\/wp-json\/wp\/v2\/product_tag?post=105298"}],"curies":[{"name":"wp","href":"https:\/\/api.w.org\/{rel}","templated":true}]}}