{"id":105300,"date":"2023-10-20T10:58:50","date_gmt":"2023-10-20T07:58:50","guid":{"rendered":"https:\/\/kavial.ee\/et\/?post_type=product&#038;p=105300"},"modified":"2026-02-05T13:20:41","modified_gmt":"2026-02-05T11:20:41","slug":"lghp2-sd250","status":"publish","type":"product","link":"https:\/\/kavial.ee\/ru\/webshop\/hooldusseadmed\/maardesusteemid\/automaatmaarijad\/lghp2-sd250\/","title":{"rendered":"LGHP2\/SD250"},"content":{"rendered":"<p>LGHP2 m\u00e4\u00e4rega TLSD m\u00e4\u00e4rija kassett<br \/>\n250ml<\/p>","protected":false},"excerpt":{"rendered":"<p>LGHP2 m\u00e4\u00e4rega TLSD m\u00e4\u00e4rija kassett 250ml<\/p>","protected":false},"featured_media":155399,"template":"","meta":[],"product_brand":[],"product_cat":[1061],"product_tag":[524],"class_list":{"0":"post-105300","1":"product","2":"type-product","3":"status-publish","4":"has-post-thumbnail","6":"product_cat-automaatmaarijad","7":"product_tag-automaatmaarija","9":"first","10":"instock","11":"taxable","12":"shipping-taxable","13":"purchasable","14":"product-type-simple"},"_links":{"self":[{"href":"https:\/\/kavial.ee\/ru\/wp-json\/wp\/v2\/product\/105300","targetHints":{"allow":["GET"]}}],"collection":[{"href":"https:\/\/kavial.ee\/ru\/wp-json\/wp\/v2\/product"}],"about":[{"href":"https:\/\/kavial.ee\/ru\/wp-json\/wp\/v2\/types\/product"}],"wp:featuredmedia":[{"embeddable":true,"href":"https:\/\/kavial.ee\/ru\/wp-json\/wp\/v2\/media\/155399"}],"wp:attachment":[{"href":"https:\/\/kavial.ee\/ru\/wp-json\/wp\/v2\/media?parent=105300"}],"wp:term":[{"taxonomy":"product_brand","embeddable":true,"href":"https:\/\/kavial.ee\/ru\/wp-json\/wp\/v2\/product_brand?post=105300"},{"taxonomy":"product_cat","embeddable":true,"href":"https:\/\/kavial.ee\/ru\/wp-json\/wp\/v2\/product_cat?post=105300"},{"taxonomy":"product_tag","embeddable":true,"href":"https:\/\/kavial.ee\/ru\/wp-json\/wp\/v2\/product_tag?post=105300"}],"curies":[{"name":"wp","href":"https:\/\/api.w.org\/{rel}","templated":true}]}}