{"id":105321,"date":"2023-10-20T11:25:46","date_gmt":"2023-10-20T08:25:46","guid":{"rendered":"https:\/\/kavial.ee\/et\/?post_type=product&#038;p=105321"},"modified":"2026-04-10T17:08:29","modified_gmt":"2026-04-10T14:08:29","slug":"lub-heavy-duty-grease-s5kg","status":"publish","type":"product","link":"https:\/\/kavial.ee\/ru\/webshop\/hooldusseadmed\/maardesusteemid\/laagrimaarded\/lub-heavy-duty-grease-s5kg\/","title":{"rendered":"Lub Heavy Duty Grease\/S5kg"},"content":{"rendered":"<p>Mineraal\u00f5list m\u00e4\u00e4re; k\u00f5rgsurve; t\u00f6\u00f6temperatuur -25\u00b0C kuni 140\u00b0C; EP lisanditega liitium paksendaja; pakend: \u00e4mber<br \/>\n5000g<\/p>","protected":false},"excerpt":{"rendered":"<p>Mineraal\u00f5list m\u00e4\u00e4re; k\u00f5rgsurve; t\u00f6\u00f6temperatuur -25\u00b0C kuni 140\u00b0C; EP lisanditega liitium paksendaja; pakend: \u00e4mber 5000g<\/p>","protected":false},"featured_media":155349,"template":"","meta":[],"product_brand":[],"product_cat":[984],"product_tag":[523],"class_list":{"0":"post-105321","1":"product","2":"type-product","3":"status-publish","4":"has-post-thumbnail","6":"product_cat-laagrimaarded","7":"product_tag-maare","9":"first","10":"instock","11":"taxable","12":"shipping-taxable","13":"purchasable","14":"product-type-simple"},"_links":{"self":[{"href":"https:\/\/kavial.ee\/ru\/wp-json\/wp\/v2\/product\/105321","targetHints":{"allow":["GET"]}}],"collection":[{"href":"https:\/\/kavial.ee\/ru\/wp-json\/wp\/v2\/product"}],"about":[{"href":"https:\/\/kavial.ee\/ru\/wp-json\/wp\/v2\/types\/product"}],"wp:featuredmedia":[{"embeddable":true,"href":"https:\/\/kavial.ee\/ru\/wp-json\/wp\/v2\/media\/155349"}],"wp:attachment":[{"href":"https:\/\/kavial.ee\/ru\/wp-json\/wp\/v2\/media?parent=105321"}],"wp:term":[{"taxonomy":"product_brand","embeddable":true,"href":"https:\/\/kavial.ee\/ru\/wp-json\/wp\/v2\/product_brand?post=105321"},{"taxonomy":"product_cat","embeddable":true,"href":"https:\/\/kavial.ee\/ru\/wp-json\/wp\/v2\/product_cat?post=105321"},{"taxonomy":"product_tag","embeddable":true,"href":"https:\/\/kavial.ee\/ru\/wp-json\/wp\/v2\/product_tag?post=105321"}],"curies":[{"name":"wp","href":"https:\/\/api.w.org\/{rel}","templated":true}]}}