{"id":105331,"date":"2023-10-20T10:58:52","date_gmt":"2023-10-20T07:58:52","guid":{"rendered":"https:\/\/kavial.ee\/et\/?post_type=product&#038;p=105331"},"modified":"2026-02-26T17:13:28","modified_gmt":"2026-02-26T15:13:28","slug":"luber-ready-universal-125ml","status":"publish","type":"product","link":"https:\/\/kavial.ee\/ru\/webshop\/hooldusseadmed\/maardesusteemid\/automaatmaarijad\/luber-ready-universal-125ml\/","title":{"rendered":"Luber Ready Universal+ 125ml"},"content":{"rendered":"<p>Elektrokeemiline automaatm\u00e4\u00e4rija LUB UNIVERSAL+ m\u00e4\u00e4rega<br \/>\n125ml<\/p>","protected":false},"excerpt":{"rendered":"<p>Elektrokeemiline automaatm\u00e4\u00e4rija LUB UNIVERSAL+ m\u00e4\u00e4rega 125ml<\/p>","protected":false},"featured_media":155388,"template":"","meta":[],"product_brand":[],"product_cat":[1061],"product_tag":[524],"class_list":{"0":"post-105331","1":"product","2":"type-product","3":"status-publish","4":"has-post-thumbnail","6":"product_cat-automaatmaarijad","7":"product_tag-automaatmaarija","9":"first","10":"instock","11":"taxable","12":"shipping-taxable","13":"purchasable","14":"product-type-simple"},"_links":{"self":[{"href":"https:\/\/kavial.ee\/ru\/wp-json\/wp\/v2\/product\/105331","targetHints":{"allow":["GET"]}}],"collection":[{"href":"https:\/\/kavial.ee\/ru\/wp-json\/wp\/v2\/product"}],"about":[{"href":"https:\/\/kavial.ee\/ru\/wp-json\/wp\/v2\/types\/product"}],"wp:featuredmedia":[{"embeddable":true,"href":"https:\/\/kavial.ee\/ru\/wp-json\/wp\/v2\/media\/155388"}],"wp:attachment":[{"href":"https:\/\/kavial.ee\/ru\/wp-json\/wp\/v2\/media?parent=105331"}],"wp:term":[{"taxonomy":"product_brand","embeddable":true,"href":"https:\/\/kavial.ee\/ru\/wp-json\/wp\/v2\/product_brand?post=105331"},{"taxonomy":"product_cat","embeddable":true,"href":"https:\/\/kavial.ee\/ru\/wp-json\/wp\/v2\/product_cat?post=105331"},{"taxonomy":"product_tag","embeddable":true,"href":"https:\/\/kavial.ee\/ru\/wp-json\/wp\/v2\/product_tag?post=105331"}],"curies":[{"name":"wp","href":"https:\/\/api.w.org\/{rel}","templated":true}]}}