{"id":105615,"date":"2023-10-24T10:03:19","date_gmt":"2023-10-24T07:03:19","guid":{"rendered":"https:\/\/kavial.ee\/et\/?post_type=product&#038;p=105615"},"modified":"2026-02-05T13:21:07","modified_gmt":"2026-02-05T11:21:07","slug":"3450-metalliliim-25ml","status":"publish","type":"product","link":"https:\/\/kavial.ee\/ru\/webshop\/hooldusseadmed\/toostuskeemia\/liimid\/3450-metalliliim-25ml\/","title":{"rendered":"3450 Metalliliim 25ml"},"content":{"rendered":"<p>Kahekomponentne metallt\u00e4idisega epoks\u00fcliim<br \/>\nPilude t\u00e4itmiseks ja metallkomponentide liimimiseks<br \/>\n25ml<\/p>","protected":false},"excerpt":{"rendered":"<p>Kahekomponentne metallt\u00e4idisega epoks\u00fcliim Pilude t\u00e4itmiseks ja metallkomponentide liimimiseks 25ml<\/p>","protected":false},"featured_media":0,"template":"","meta":[],"product_brand":[],"product_cat":[525],"product_tag":[],"class_list":{"0":"post-105615","1":"product","2":"type-product","3":"status-publish","5":"product_cat-liimid","7":"first","8":"instock","9":"taxable","10":"shipping-taxable","11":"purchasable","12":"product-type-simple"},"_links":{"self":[{"href":"https:\/\/kavial.ee\/ru\/wp-json\/wp\/v2\/product\/105615","targetHints":{"allow":["GET"]}}],"collection":[{"href":"https:\/\/kavial.ee\/ru\/wp-json\/wp\/v2\/product"}],"about":[{"href":"https:\/\/kavial.ee\/ru\/wp-json\/wp\/v2\/types\/product"}],"wp:attachment":[{"href":"https:\/\/kavial.ee\/ru\/wp-json\/wp\/v2\/media?parent=105615"}],"wp:term":[{"taxonomy":"product_brand","embeddable":true,"href":"https:\/\/kavial.ee\/ru\/wp-json\/wp\/v2\/product_brand?post=105615"},{"taxonomy":"product_cat","embeddable":true,"href":"https:\/\/kavial.ee\/ru\/wp-json\/wp\/v2\/product_cat?post=105615"},{"taxonomy":"product_tag","embeddable":true,"href":"https:\/\/kavial.ee\/ru\/wp-json\/wp\/v2\/product_tag?post=105615"}],"curies":[{"name":"wp","href":"https:\/\/api.w.org\/{rel}","templated":true}]}}