{"id":105650,"date":"2023-10-24T10:07:54","date_gmt":"2023-10-24T07:07:54","guid":{"rendered":"https:\/\/kavial.ee\/et\/?post_type=product&#038;p=105650"},"modified":"2026-02-05T13:21:13","modified_gmt":"2026-02-05T11:21:13","slug":"5399-keermehermeetik-310ml","status":"publish","type":"product","link":"https:\/\/kavial.ee\/ru\/webshop\/hooldusseadmed\/toostuskeemia\/hermeetikud\/5399-keermehermeetik-310ml\/","title":{"rendered":"5399 Keermehermeetik 310ml"},"content":{"rendered":"<p>Kuumuskindel (+350\u00b0C) t\u00f6\u00f6stuslik atsetoks\u00fcsilikoonhermeetik-liim<br \/>\nV\u00e4rv: punane<br \/>\n310ml<\/p>","protected":false},"excerpt":{"rendered":"<p>Kuumuskindel (+350\u00b0C) t\u00f6\u00f6stuslik atsetoks\u00fcsilikoonhermeetik-liim V\u00e4rv: punane 310ml<\/p>","protected":false},"featured_media":0,"template":"","meta":[],"product_brand":[],"product_cat":[531],"product_tag":[],"class_list":{"0":"post-105650","1":"product","2":"type-product","3":"status-publish","5":"product_cat-hermeetikud","7":"first","8":"outofstock","9":"taxable","10":"shipping-taxable","11":"purchasable","12":"product-type-simple"},"_links":{"self":[{"href":"https:\/\/kavial.ee\/ru\/wp-json\/wp\/v2\/product\/105650","targetHints":{"allow":["GET"]}}],"collection":[{"href":"https:\/\/kavial.ee\/ru\/wp-json\/wp\/v2\/product"}],"about":[{"href":"https:\/\/kavial.ee\/ru\/wp-json\/wp\/v2\/types\/product"}],"wp:attachment":[{"href":"https:\/\/kavial.ee\/ru\/wp-json\/wp\/v2\/media?parent=105650"}],"wp:term":[{"taxonomy":"product_brand","embeddable":true,"href":"https:\/\/kavial.ee\/ru\/wp-json\/wp\/v2\/product_brand?post=105650"},{"taxonomy":"product_cat","embeddable":true,"href":"https:\/\/kavial.ee\/ru\/wp-json\/wp\/v2\/product_cat?post=105650"},{"taxonomy":"product_tag","embeddable":true,"href":"https:\/\/kavial.ee\/ru\/wp-json\/wp\/v2\/product_tag?post=105650"}],"curies":[{"name":"wp","href":"https:\/\/api.w.org\/{rel}","templated":true}]}}