{"id":134441,"date":"2025-02-27T01:37:03","date_gmt":"2025-02-26T23:37:03","guid":{"rendered":"https:\/\/kavial.ee\/et\/?post_type=product&#038;p=134441"},"modified":"2026-01-22T14:33:12","modified_gmt":"2026-01-22T12:33:12","slug":"wh80-h7-x55-c60-650","status":"publish","type":"product","link":"https:\/\/kavial.ee\/ru\/webshop\/lineaarkeskus\/umarjuhikud\/vollid\/wh80-h7-x55-c60-650\/","title":{"rendered":"WH80\/H7-X55-C60\/650"},"content":{"rendered":"<p>\u00d5\u00f5nesv\u00f5ll \u00d880mm<br \/>\nSisel\u00e4bim\u00f5\u00f5t 57,4mm<br \/>\nTeras Cf53 (k\u00f5vadus 59 HRC)<br \/>\nISO tolerants h7<br \/>\nL = 650mm<\/p>","protected":false},"excerpt":{"rendered":"<p>\u00d5\u00f5nesv\u00f5ll \u00d880mm Sisel\u00e4bim\u00f5\u00f5t 57,4mm Teras Cf53 (k\u00f5vadus 59 HRC) ISO tolerants h7 L = 650mm<\/p>","protected":false},"featured_media":0,"template":"","meta":[],"product_brand":[],"product_cat":[738],"product_tag":[398],"class_list":{"0":"post-134441","1":"product","2":"type-product","3":"status-publish","5":"product_cat-vollid","6":"product_tag-voll","8":"first","9":"instock","10":"taxable","11":"shipping-taxable","12":"purchasable","13":"product-type-simple"},"_links":{"self":[{"href":"https:\/\/kavial.ee\/ru\/wp-json\/wp\/v2\/product\/134441","targetHints":{"allow":["GET"]}}],"collection":[{"href":"https:\/\/kavial.ee\/ru\/wp-json\/wp\/v2\/product"}],"about":[{"href":"https:\/\/kavial.ee\/ru\/wp-json\/wp\/v2\/types\/product"}],"wp:attachment":[{"href":"https:\/\/kavial.ee\/ru\/wp-json\/wp\/v2\/media?parent=134441"}],"wp:term":[{"taxonomy":"product_brand","embeddable":true,"href":"https:\/\/kavial.ee\/ru\/wp-json\/wp\/v2\/product_brand?post=134441"},{"taxonomy":"product_cat","embeddable":true,"href":"https:\/\/kavial.ee\/ru\/wp-json\/wp\/v2\/product_cat?post=134441"},{"taxonomy":"product_tag","embeddable":true,"href":"https:\/\/kavial.ee\/ru\/wp-json\/wp\/v2\/product_tag?post=134441"}],"curies":[{"name":"wp","href":"https:\/\/api.w.org\/{rel}","templated":true}]}}