{"id":134475,"date":"2024-07-31T23:31:24","date_gmt":"2024-07-31T20:31:24","guid":{"rendered":"https:\/\/kavial.ee\/et\/?post_type=product&#038;p=134475"},"modified":"2026-01-22T14:33:15","modified_gmt":"2026-01-22T12:33:15","slug":"w13-h6-ck55","status":"publish","type":"product","link":"https:\/\/kavial.ee\/ru\/webshop\/lineaarkeskus\/umarjuhikud\/vollid\/w13-h6-ck55\/","title":{"rendered":"W13\/H6-CK55"},"content":{"rendered":"<p>\u00dcmar lineaarjuhik \/ V\u00f5ll \u00d813mm<br \/>\nTeras CK55 (k\u00f5vadus 60 HRC)<br \/>\nISO tolerants h6<br \/>\nLma\u0445 = 3000mm<\/p>","protected":false},"excerpt":{"rendered":"<p>\u00dcmar lineaarjuhik \/ V\u00f5ll \u00d813mm Teras CK55 (k\u00f5vadus 60 HRC) ISO tolerants h6 Lma\u0445 = 3000mm<\/p>","protected":false},"featured_media":0,"template":"","meta":[],"product_brand":[],"product_cat":[738],"product_tag":[398],"class_list":{"0":"post-134475","1":"product","2":"type-product","3":"status-publish","5":"product_cat-vollid","6":"product_tag-voll","8":"first","9":"instock","10":"taxable","11":"shipping-taxable","12":"purchasable","13":"product-type-simple"},"_links":{"self":[{"href":"https:\/\/kavial.ee\/ru\/wp-json\/wp\/v2\/product\/134475","targetHints":{"allow":["GET"]}}],"collection":[{"href":"https:\/\/kavial.ee\/ru\/wp-json\/wp\/v2\/product"}],"about":[{"href":"https:\/\/kavial.ee\/ru\/wp-json\/wp\/v2\/types\/product"}],"wp:attachment":[{"href":"https:\/\/kavial.ee\/ru\/wp-json\/wp\/v2\/media?parent=134475"}],"wp:term":[{"taxonomy":"product_brand","embeddable":true,"href":"https:\/\/kavial.ee\/ru\/wp-json\/wp\/v2\/product_brand?post=134475"},{"taxonomy":"product_cat","embeddable":true,"href":"https:\/\/kavial.ee\/ru\/wp-json\/wp\/v2\/product_cat?post=134475"},{"taxonomy":"product_tag","embeddable":true,"href":"https:\/\/kavial.ee\/ru\/wp-json\/wp\/v2\/product_tag?post=134475"}],"curies":[{"name":"wp","href":"https:\/\/api.w.org\/{rel}","templated":true}]}}