{"id":134498,"date":"2024-07-31T23:36:05","date_gmt":"2024-07-31T20:36:05","guid":{"rendered":"https:\/\/kavial.ee\/et\/?post_type=product&#038;p=134498"},"modified":"2026-02-02T17:20:11","modified_gmt":"2026-02-02T15:20:11","slug":"w05-h6-cf53","status":"publish","type":"product","link":"https:\/\/kavial.ee\/ru\/webshop\/lineaarkeskus\/umarjuhikud\/vollid\/w05-h6-cf53\/","title":{"rendered":"W05\/H6-CF53"},"content":{"rendered":"<p>\u00dcmar lineaarjuhik \/ V\u00f5ll \u00d85mm<br \/>\nTeras Cf53 (k\u00f5vadus 59 HRC)<br \/>\nISO tolerants h6<br \/>\nLma\u0445 = 4000mm<\/p>","protected":false},"excerpt":{"rendered":"<p>\u00dcmar lineaarjuhik \/ V\u00f5ll \u00d85mm Teras Cf53 (k\u00f5vadus 59 HRC) ISO tolerants h6 Lma\u0445 = 4000mm<\/p>","protected":false},"featured_media":0,"template":"","meta":[],"product_brand":[],"product_cat":[738],"product_tag":[398],"class_list":{"0":"post-134498","1":"product","2":"type-product","3":"status-publish","5":"product_cat-vollid","6":"product_tag-voll","8":"first","9":"instock","10":"taxable","11":"shipping-taxable","12":"purchasable","13":"product-type-simple"},"_links":{"self":[{"href":"https:\/\/kavial.ee\/ru\/wp-json\/wp\/v2\/product\/134498","targetHints":{"allow":["GET"]}}],"collection":[{"href":"https:\/\/kavial.ee\/ru\/wp-json\/wp\/v2\/product"}],"about":[{"href":"https:\/\/kavial.ee\/ru\/wp-json\/wp\/v2\/types\/product"}],"wp:attachment":[{"href":"https:\/\/kavial.ee\/ru\/wp-json\/wp\/v2\/media?parent=134498"}],"wp:term":[{"taxonomy":"product_brand","embeddable":true,"href":"https:\/\/kavial.ee\/ru\/wp-json\/wp\/v2\/product_brand?post=134498"},{"taxonomy":"product_cat","embeddable":true,"href":"https:\/\/kavial.ee\/ru\/wp-json\/wp\/v2\/product_cat?post=134498"},{"taxonomy":"product_tag","embeddable":true,"href":"https:\/\/kavial.ee\/ru\/wp-json\/wp\/v2\/product_tag?post=134498"}],"curies":[{"name":"wp","href":"https:\/\/api.w.org\/{rel}","templated":true}]}}