{"id":142057,"date":"2025-01-15T13:03:30","date_gmt":"2025-01-15T11:03:30","guid":{"rendered":"https:\/\/kavial.ee\/et\/?post_type=product&#038;p=142057"},"modified":"2026-05-14T17:15:06","modified_gmt":"2026-05-14T14:15:06","slug":"18-0-extractor-connection-thread-m10","status":"publish","type":"product","link":"https:\/\/kavial.ee\/ru\/webshop\/hooldusseadmed\/kukko-hooldusseadmed\/kukko-mehaanilised-tommitsad\/18-0-extractor-connection-thread-m10\/","title":{"rendered":"18-0 Extractor Connection thread M10"},"content":{"rendered":"<p>T\u00f5mmits; ulatuv laius 32-114mm; ulatuv s\u00fcgavus 150mm; maks. moment 40Nm; venitusj\u00f5ud 30kN; maks. t\u00f5mbej\u00f5ud 3t; kuuskantpesa 13mm<\/p>\n<p>EAN: 4021176075599<\/p>","protected":false},"excerpt":{"rendered":"<p>T\u00f5mmits; ulatuv laius 32-114mm; ulatuv s\u00fcgavus 150mm; maks. moment 40Nm; venitusj\u00f5ud 30kN; maks. t\u00f5mbej\u00f5ud 3t; kuuskantpesa 13mm EAN: 4021176075599<\/p>","protected":false},"featured_media":142145,"template":"","meta":[],"product_brand":[],"product_cat":[1040],"product_tag":[],"class_list":{"0":"post-142057","1":"product","2":"type-product","3":"status-publish","4":"has-post-thumbnail","6":"product_cat-kukko-mehaanilised-tommitsad","8":"first","9":"instock","10":"taxable","11":"shipping-taxable","12":"purchasable","13":"product-type-simple"},"_links":{"self":[{"href":"https:\/\/kavial.ee\/ru\/wp-json\/wp\/v2\/product\/142057","targetHints":{"allow":["GET"]}}],"collection":[{"href":"https:\/\/kavial.ee\/ru\/wp-json\/wp\/v2\/product"}],"about":[{"href":"https:\/\/kavial.ee\/ru\/wp-json\/wp\/v2\/types\/product"}],"wp:featuredmedia":[{"embeddable":true,"href":"https:\/\/kavial.ee\/ru\/wp-json\/wp\/v2\/media\/142145"}],"wp:attachment":[{"href":"https:\/\/kavial.ee\/ru\/wp-json\/wp\/v2\/media?parent=142057"}],"wp:term":[{"taxonomy":"product_brand","embeddable":true,"href":"https:\/\/kavial.ee\/ru\/wp-json\/wp\/v2\/product_brand?post=142057"},{"taxonomy":"product_cat","embeddable":true,"href":"https:\/\/kavial.ee\/ru\/wp-json\/wp\/v2\/product_cat?post=142057"},{"taxonomy":"product_tag","embeddable":true,"href":"https:\/\/kavial.ee\/ru\/wp-json\/wp\/v2\/product_tag?post=142057"}],"curies":[{"name":"wp","href":"https:\/\/api.w.org\/{rel}","templated":true}]}}