{"id":142058,"date":"2025-01-15T12:23:19","date_gmt":"2025-01-15T10:23:19","guid":{"rendered":"https:\/\/kavial.ee\/et\/?post_type=product&#038;p=142058"},"modified":"2026-05-14T17:15:07","modified_gmt":"2026-05-14T14:15:07","slug":"18-1-puller-60-150-200-mm","status":"publish","type":"product","link":"https:\/\/kavial.ee\/ru\/webshop\/hooldusseadmed\/kukko-hooldusseadmed\/kukko-mehaanilised-tommitsad\/18-1-puller-60-150-200-mm\/","title":{"rendered":"18-1 Puller 60-150\/200 mm"},"content":{"rendered":"<p>T\u00f5mmits; ulatuv laius 58-150mm; ulatuv s\u00fcgavus 200mm; maks. moment 70Nm; venitusj\u00f5ud 50kN; maks. t\u00f5mbej\u00f5ud 5t; kuuskantpesa 19mm<\/p>\n<p>EAN: 4021176075674<\/p>","protected":false},"excerpt":{"rendered":"<p>T\u00f5mmits; ulatuv laius 58-150mm; ulatuv s\u00fcgavus 200mm; maks. moment 70Nm; venitusj\u00f5ud 50kN; maks. t\u00f5mbej\u00f5ud 5t; kuuskantpesa 19mm EAN: 4021176075674<\/p>","protected":false},"featured_media":142144,"template":"","meta":[],"product_brand":[],"product_cat":[1040],"product_tag":[],"class_list":{"0":"post-142058","1":"product","2":"type-product","3":"status-publish","4":"has-post-thumbnail","6":"product_cat-kukko-mehaanilised-tommitsad","8":"first","9":"instock","10":"taxable","11":"shipping-taxable","12":"purchasable","13":"product-type-simple"},"_links":{"self":[{"href":"https:\/\/kavial.ee\/ru\/wp-json\/wp\/v2\/product\/142058","targetHints":{"allow":["GET"]}}],"collection":[{"href":"https:\/\/kavial.ee\/ru\/wp-json\/wp\/v2\/product"}],"about":[{"href":"https:\/\/kavial.ee\/ru\/wp-json\/wp\/v2\/types\/product"}],"wp:featuredmedia":[{"embeddable":true,"href":"https:\/\/kavial.ee\/ru\/wp-json\/wp\/v2\/media\/142144"}],"wp:attachment":[{"href":"https:\/\/kavial.ee\/ru\/wp-json\/wp\/v2\/media?parent=142058"}],"wp:term":[{"taxonomy":"product_brand","embeddable":true,"href":"https:\/\/kavial.ee\/ru\/wp-json\/wp\/v2\/product_brand?post=142058"},{"taxonomy":"product_cat","embeddable":true,"href":"https:\/\/kavial.ee\/ru\/wp-json\/wp\/v2\/product_cat?post=142058"},{"taxonomy":"product_tag","embeddable":true,"href":"https:\/\/kavial.ee\/ru\/wp-json\/wp\/v2\/product_tag?post=142058"}],"curies":[{"name":"wp","href":"https:\/\/api.w.org\/{rel}","templated":true}]}}