{"id":146760,"date":"2025-03-18T17:55:12","date_gmt":"2025-03-18T15:55:12","guid":{"rendered":"https:\/\/kavial.ee\/et\/?post_type=product&#038;p=146760"},"modified":"2026-04-29T17:20:19","modified_gmt":"2026-04-29T14:20:19","slug":"arcanol-temp110-50kg","status":"publish","type":"product","link":"https:\/\/kavial.ee\/ru\/webshop\/hooldusseadmed\/maardesusteemid\/laagrimaarded\/arcanol-temp110-50kg\/","title":{"rendered":"ARCANOL-TEMP110-50KG"},"content":{"rendered":"<p>Konsistentne m\u00e4\u00e4re; k\u00f5rge temperatuuriga ja p\u00f6\u00f6rlemissagedusega kasutustingimused; kasutustemeperatuur -40\u00b0C +160\u00b0C; liitium-kompleksne paksendaja; pakend: mannerg<br \/>\n50 kg<\/p>","protected":false},"excerpt":{"rendered":"<p>Konsistentne m\u00e4\u00e4re; k\u00f5rge temperatuuriga ja p\u00f6\u00f6rlemissagedusega kasutustingimused; kasutustemeperatuur -40\u00b0C +160\u00b0C; liitium-kompleksne paksendaja; pakend: mannerg 50 kg<\/p>","protected":false},"featured_media":0,"template":"","meta":[],"product_brand":[],"product_cat":[984],"product_tag":[523],"class_list":{"0":"post-146760","1":"product","2":"type-product","3":"status-publish","5":"product_cat-laagrimaarded","6":"product_tag-maare","8":"first","9":"outofstock","10":"taxable","11":"shipping-taxable","12":"product-type-simple"},"_links":{"self":[{"href":"https:\/\/kavial.ee\/ru\/wp-json\/wp\/v2\/product\/146760","targetHints":{"allow":["GET"]}}],"collection":[{"href":"https:\/\/kavial.ee\/ru\/wp-json\/wp\/v2\/product"}],"about":[{"href":"https:\/\/kavial.ee\/ru\/wp-json\/wp\/v2\/types\/product"}],"wp:attachment":[{"href":"https:\/\/kavial.ee\/ru\/wp-json\/wp\/v2\/media?parent=146760"}],"wp:term":[{"taxonomy":"product_brand","embeddable":true,"href":"https:\/\/kavial.ee\/ru\/wp-json\/wp\/v2\/product_brand?post=146760"},{"taxonomy":"product_cat","embeddable":true,"href":"https:\/\/kavial.ee\/ru\/wp-json\/wp\/v2\/product_cat?post=146760"},{"taxonomy":"product_tag","embeddable":true,"href":"https:\/\/kavial.ee\/ru\/wp-json\/wp\/v2\/product_tag?post=146760"}],"curies":[{"name":"wp","href":"https:\/\/api.w.org\/{rel}","templated":true}]}}