{"id":146852,"date":"2025-04-09T21:19:14","date_gmt":"2025-04-09T18:19:14","guid":{"rendered":"https:\/\/kavial.ee\/et\/?post_type=product&#038;p=146852"},"modified":"2026-03-03T13:16:20","modified_gmt":"2026-03-03T11:16:20","slug":"hc6206-c-2hrs-tvh-l207-c3","status":"publish","type":"product","link":"https:\/\/kavial.ee\/ru\/webshop\/masinaelemendid\/veerelaagrid\/kuullaagrid\/radiaalkuullaagrid\/60xx-62xx-63xx-64xx\/hc6206-c-2hrs-tvh-l207-c3\/","title":{"rendered":"HC6206-C-2HRS-TVH-L207-C3"},"content":{"rendered":"<p>\u2013 Keraamilised kuulid<br \/>\n\u2013 K\u00f5rgep\u00f6\u00f6rdeline<br \/>\n\u2013 Isoleeritud<br \/>\n30x62x16<\/p>","protected":false},"excerpt":{"rendered":"<p>\u2013 Keraamilised kuulid \u2013 K\u00f5rgep\u00f6\u00f6rdeline \u2013 Isoleeritud 30x62x16<\/p>","protected":false},"featured_media":155613,"template":"","meta":[],"product_brand":[],"product_cat":[72],"product_tag":[83],"class_list":{"0":"post-146852","1":"product","2":"type-product","3":"status-publish","4":"has-post-thumbnail","6":"product_cat-60xx-62xx-63xx-64xx","7":"product_tag-laager","9":"first","10":"instock","11":"taxable","12":"shipping-taxable","13":"purchasable","14":"product-type-simple"},"_links":{"self":[{"href":"https:\/\/kavial.ee\/ru\/wp-json\/wp\/v2\/product\/146852","targetHints":{"allow":["GET"]}}],"collection":[{"href":"https:\/\/kavial.ee\/ru\/wp-json\/wp\/v2\/product"}],"about":[{"href":"https:\/\/kavial.ee\/ru\/wp-json\/wp\/v2\/types\/product"}],"wp:featuredmedia":[{"embeddable":true,"href":"https:\/\/kavial.ee\/ru\/wp-json\/wp\/v2\/media\/155613"}],"wp:attachment":[{"href":"https:\/\/kavial.ee\/ru\/wp-json\/wp\/v2\/media?parent=146852"}],"wp:term":[{"taxonomy":"product_brand","embeddable":true,"href":"https:\/\/kavial.ee\/ru\/wp-json\/wp\/v2\/product_brand?post=146852"},{"taxonomy":"product_cat","embeddable":true,"href":"https:\/\/kavial.ee\/ru\/wp-json\/wp\/v2\/product_cat?post=146852"},{"taxonomy":"product_tag","embeddable":true,"href":"https:\/\/kavial.ee\/ru\/wp-json\/wp\/v2\/product_tag?post=146852"}],"curies":[{"name":"wp","href":"https:\/\/api.w.org\/{rel}","templated":true}]}}