{"id":155108,"date":"2026-01-22T14:41:17","date_gmt":"2026-01-22T12:41:17","guid":{"rendered":"https:\/\/kavial.ee\/et\/?post_type=product&#038;p=155108"},"modified":"2026-01-22T14:51:48","modified_gmt":"2026-01-22T12:51:48","slug":"522-0-type13","status":"publish","type":"product","link":"https:\/\/kavial.ee\/ru\/webshop\/masinaelemendid\/kuultugi\/522-0-type13\/","title":{"rendered":"522-0 Type13"},"content":{"rendered":"<p>Kuuli m\u00f5\u00f5t 22,2mm<br \/>\n\u00c4\u00e4rikuga l\u00e4bim\u00f5\u00f5t (A) 45mm<br \/>\nKliirens (B) 9,8(+\/-0,2)mm<br \/>\nKliirens (C) 4,3mm<br \/>\n\u00dcldl\u00e4bim\u00f5\u00f5t (D) 36(+\/-0,08)mm<br \/>\n\u00c4\u00e4riku paksus (F) 2,8mm<br \/>\n\u00dcldk\u00f5rgus (L) 30mm<br \/>\nMaks. d\u00fcnaamiline koormus 160kg<\/p>\n<p>Part ID: 522013<\/p>\n<p>Asendus: R0530 122 10, KU22B, GN509-22-SBL, 00.220.00, 00.221.00, 60-22-20<\/p>","protected":false},"excerpt":{"rendered":"<p>Kuuli m\u00f5\u00f5t 22,2mm \u00c4\u00e4rikuga l\u00e4bim\u00f5\u00f5t (A) 45mm Kliirens (B) 9,8(+\/-0,2)mm Kliirens (C) 4,3mm \u00dcldl\u00e4bim\u00f5\u00f5t (D) 36(+\/-0,08)mm \u00c4\u00e4riku paksus (F) 2,8mm \u00dcldk\u00f5rgus (L) 30mm Maks. d\u00fcnaamiline koormus 160kg Part ID: 522013 Asendus: R0530 122 10, KU22B, GN509-22-SBL, 00.220.00, 00.221.00, 60-22-20<\/p>","protected":false},"featured_media":155087,"template":"","meta":[],"product_brand":[],"product_cat":[1060],"product_tag":[],"class_list":{"0":"post-155108","1":"product","2":"type-product","3":"status-publish","4":"has-post-thumbnail","6":"product_cat-kuultugi","8":"first","9":"instock","10":"taxable","11":"shipping-taxable","12":"purchasable","13":"product-type-simple"},"_links":{"self":[{"href":"https:\/\/kavial.ee\/ru\/wp-json\/wp\/v2\/product\/155108","targetHints":{"allow":["GET"]}}],"collection":[{"href":"https:\/\/kavial.ee\/ru\/wp-json\/wp\/v2\/product"}],"about":[{"href":"https:\/\/kavial.ee\/ru\/wp-json\/wp\/v2\/types\/product"}],"wp:featuredmedia":[{"embeddable":true,"href":"https:\/\/kavial.ee\/ru\/wp-json\/wp\/v2\/media\/155087"}],"wp:attachment":[{"href":"https:\/\/kavial.ee\/ru\/wp-json\/wp\/v2\/media?parent=155108"}],"wp:term":[{"taxonomy":"product_brand","embeddable":true,"href":"https:\/\/kavial.ee\/ru\/wp-json\/wp\/v2\/product_brand?post=155108"},{"taxonomy":"product_cat","embeddable":true,"href":"https:\/\/kavial.ee\/ru\/wp-json\/wp\/v2\/product_cat?post=155108"},{"taxonomy":"product_tag","embeddable":true,"href":"https:\/\/kavial.ee\/ru\/wp-json\/wp\/v2\/product_tag?post=155108"}],"curies":[{"name":"wp","href":"https:\/\/api.w.org\/{rel}","templated":true}]}}