{"id":83006,"date":"2023-08-03T15:34:01","date_gmt":"2023-08-03T12:34:01","guid":{"rendered":"https:\/\/kavial.ee\/et\/?post_type=product&#038;p=83006"},"modified":"2026-03-03T09:53:43","modified_gmt":"2026-03-03T07:53:43","slug":"hc6007-2rsr-tvh-l207-c3","status":"publish","type":"product","link":"https:\/\/kavial.ee\/ru\/webshop\/masinaelemendid\/veerelaagrid\/kuullaagrid\/radiaalkuullaagrid\/60xx-62xx-63xx-64xx\/hc6007-2rsr-tvh-l207-c3\/","title":{"rendered":"HC6007-2RSR-TVH-L207-C3 (BB1-3793)"},"content":{"rendered":"<p>\u2013 \u041a\u0435\u0440\u0430\u043c\u0438\u0447\u0435\u0441\u043a\u0438\u0435 \u0448\u0430\u0440\u0438\u043a\u0438<br \/>\n\u2013 \u0412\u044b\u0441\u043e\u043a\u0438\u0435 \u043e\u0431\u043e\u0440\u043e\u0442\u044b<br \/>\n\u2013 \u0422\u043e\u043a\u043e\u0438\u0437\u043e\u043b\u0438\u0440\u043e\u0432\u0430\u043d\u043d\u044b\u0439<\/p>\n<p>\u2013 \u0434\u043b\u044f \u0440\u0435\u043c\u043e\u043d\u0442\u0430 \u044d\u043b\u0435\u043a\u0442\u0440\u043e\u043c\u043e\u0442\u043e\u0432 Tesla Model S \u0438 Tesla Model X (2012-2020 \u0433\u043e\u0434\u043e\u0432) \u043a\u043e\u043c\u043b\u043f\u0435\u043a\u0442\u0430\u0446\u0438\u0438 Large \u0438 Performance<br \/>\n\u2013 \u0434\u043b\u044f \u0440\u0435\u043c\u043e\u043d\u0442\u0430 \u044d\u043b\u0435\u043a\u0442\u0440\u043e\u043f\u0440\u0438\u0432\u043e\u0434\u043e\u0432 Mercedes-Benz B-\u043a\u043b\u0430\u0441\u0441\u0430 \u0438 Toyota RAV4<\/p>\n<p>\u0417\u0430\u043c\u0435\u043d\u044f\u0435\u0442 6007-2RZTN9\/HC5C3WT SKF<br \/>\n35x62x14<\/p>","protected":false},"excerpt":{"rendered":"<p>&#8211; Keraamilised kuulid &#8211; K\u00f5rgep\u00f6\u00f6rdeline &#8211; Isoleeritud &#8211; Tesla Model S ja Tesla Model X (2012-2020) Large ja Performance elektrimootorite remondiks &#8211; Mercedes-Benz B-klassi ja Toyota RAV4 elektriajamite remondiks Asendab 6007-2RZTN9\/HC5C3WT SKF 35x62x14<\/p>","protected":false},"featured_media":155610,"template":"","meta":[],"product_brand":[],"product_cat":[72],"product_tag":[83],"class_list":{"0":"post-83006","1":"product","2":"type-product","3":"status-publish","4":"has-post-thumbnail","6":"product_cat-60xx-62xx-63xx-64xx","7":"product_tag-laager","9":"first","10":"instock","11":"taxable","12":"shipping-taxable","13":"purchasable","14":"product-type-simple"},"_links":{"self":[{"href":"https:\/\/kavial.ee\/ru\/wp-json\/wp\/v2\/product\/83006","targetHints":{"allow":["GET"]}}],"collection":[{"href":"https:\/\/kavial.ee\/ru\/wp-json\/wp\/v2\/product"}],"about":[{"href":"https:\/\/kavial.ee\/ru\/wp-json\/wp\/v2\/types\/product"}],"wp:featuredmedia":[{"embeddable":true,"href":"https:\/\/kavial.ee\/ru\/wp-json\/wp\/v2\/media\/155610"}],"wp:attachment":[{"href":"https:\/\/kavial.ee\/ru\/wp-json\/wp\/v2\/media?parent=83006"}],"wp:term":[{"taxonomy":"product_brand","embeddable":true,"href":"https:\/\/kavial.ee\/ru\/wp-json\/wp\/v2\/product_brand?post=83006"},{"taxonomy":"product_cat","embeddable":true,"href":"https:\/\/kavial.ee\/ru\/wp-json\/wp\/v2\/product_cat?post=83006"},{"taxonomy":"product_tag","embeddable":true,"href":"https:\/\/kavial.ee\/ru\/wp-json\/wp\/v2\/product_tag?post=83006"}],"curies":[{"name":"wp","href":"https:\/\/api.w.org\/{rel}","templated":true}]}}