{"id":85167,"date":"2025-01-20T14:47:08","date_gmt":"2025-01-20T12:47:08","guid":{"rendered":"https:\/\/kavial.ee\/et\/?post_type=product&#038;p=85167"},"modified":"2026-03-03T13:16:42","modified_gmt":"2026-03-03T11:16:42","slug":"hc6306-2z-l038-c3","status":"publish","type":"product","link":"https:\/\/kavial.ee\/ru\/webshop\/masinaelemendid\/veerelaagrid\/kuullaagrid\/radiaalkuullaagrid\/60xx-62xx-63xx-64xx\/hc6306-2z-l038-c3\/","title":{"rendered":"HC6306-2Z-L038-C3"},"content":{"rendered":"<p>\u2013 \u041a\u0435\u0440\u0430\u043c\u0438\u0447\u0435\u0441\u043a\u0438\u0435 \u0448\u0430\u0440\u0438\u043a\u0438<br \/>\n\u2013 \u0412\u044b\u0441\u043e\u043a\u0438\u0435 \u043e\u0431\u043e\u0440\u043e\u0442\u044b<br \/>\n\u2013 \u0422\u043e\u043a\u043e\u0438\u0437\u043e\u043b\u0438\u0440\u043e\u0432\u0430\u043d\u043d\u044b\u0439<br \/>\n\u2013 L038 k\u00f5rgetemperatuuriline m\u00e4\u00e4re<br \/>\n30x72x19<\/p>","protected":false},"excerpt":{"rendered":"<p>&#8211; Keraamilised kuulid &#8211; K\u00f5rgep\u00f6\u00f6rdeline &#8211; Isoleeritud \u2013 L038 k\u00f5rgetemperatuuriline m\u00e4\u00e4re 30x72x19<\/p>","protected":false},"featured_media":155614,"template":"","meta":[],"product_brand":[],"product_cat":[72],"product_tag":[83],"class_list":{"0":"post-85167","1":"product","2":"type-product","3":"status-publish","4":"has-post-thumbnail","6":"product_cat-60xx-62xx-63xx-64xx","7":"product_tag-laager","9":"first","10":"instock","11":"taxable","12":"shipping-taxable","13":"purchasable","14":"product-type-simple"},"_links":{"self":[{"href":"https:\/\/kavial.ee\/ru\/wp-json\/wp\/v2\/product\/85167","targetHints":{"allow":["GET"]}}],"collection":[{"href":"https:\/\/kavial.ee\/ru\/wp-json\/wp\/v2\/product"}],"about":[{"href":"https:\/\/kavial.ee\/ru\/wp-json\/wp\/v2\/types\/product"}],"wp:featuredmedia":[{"embeddable":true,"href":"https:\/\/kavial.ee\/ru\/wp-json\/wp\/v2\/media\/155614"}],"wp:attachment":[{"href":"https:\/\/kavial.ee\/ru\/wp-json\/wp\/v2\/media?parent=85167"}],"wp:term":[{"taxonomy":"product_brand","embeddable":true,"href":"https:\/\/kavial.ee\/ru\/wp-json\/wp\/v2\/product_brand?post=85167"},{"taxonomy":"product_cat","embeddable":true,"href":"https:\/\/kavial.ee\/ru\/wp-json\/wp\/v2\/product_cat?post=85167"},{"taxonomy":"product_tag","embeddable":true,"href":"https:\/\/kavial.ee\/ru\/wp-json\/wp\/v2\/product_tag?post=85167"}],"curies":[{"name":"wp","href":"https:\/\/api.w.org\/{rel}","templated":true}]}}